{"id":402,"date":"2024-12-29T16:26:32","date_gmt":"2024-12-29T16:26:32","guid":{"rendered":"https:\/\/mallorca.twofinewheels.com\/?page_id=402"},"modified":"2025-09-08T16:06:35","modified_gmt":"2025-09-08T16:06:35","slug":"bikerides_and_routes_calador_mallorca","status":"publish","type":"page","link":"https:\/\/mallorca.twofinewheels.com\/nl\/bikerides_and_routes_calador_mallorca\/","title":{"rendered":"Suggesties voor fietstochten"},"content":{"rendered":"<div data-elementor-type=\"wp-page\" data-elementor-id=\"402\" class=\"elementor elementor-402\" data-elementor-post-type=\"page\">\n\t\t\t\t<div class=\"elementor-element elementor-element-0778b80 e-con-full e-flex e-con e-parent\" data-id=\"0778b80\" data-element_type=\"container\" data-e-type=\"container\">\n\t\t<div class=\"elementor-element elementor-element-d057299 e-con-full e-flex e-con e-child\" data-id=\"d057299\" data-element_type=\"container\" data-e-type=\"container\">\n\t\t\t\t<div class=\"elementor-element elementor-element-6613d31b elementor-widget elementor-widget-heading\" data-id=\"6613d31b\" data-element_type=\"widget\" data-e-type=\"widget\" data-widget_type=\"heading.default\">\n\t\t\t\t<div class=\"elementor-widget-container\">\n\t\t\t\t\t<h2 class=\"elementor-heading-title elementor-size-default\">Vind hier een selectie van toursuggesties voor een onvergetelijke dag op de fiets.<\/h2>\t\t\t\t<\/div>\n\t\t\t\t<\/div>\n\t\t\t\t<\/div>\n\t\t<div class=\"elementor-element elementor-element-cf231c3 e-con-full e-flex e-con e-child\" data-id=\"cf231c3\" data-element_type=\"container\" data-e-type=\"container\">\n\t\t\t\t<div class=\"elementor-element elementor-element-2dcd95e elementor-widget elementor-widget-text-editor\" data-id=\"2dcd95e\" data-element_type=\"widget\" data-e-type=\"widget\" data-widget_type=\"text-editor.default\">\n\t\t\t\t<div class=\"elementor-widget-container\">\n\t\t\t\t\t\t\t\t\t<p>We hebben een selectie van routes voor je klaargezet op zowel Komoot als Strava. We hebben hier een kleine selectie van de beste routes voor je gelinkt. Neem gerust contact met ons op voor meer tochten. De keuze is eindeloos \ud83d\ude42<\/p>\t\t\t\t\t\t\t\t<\/div>\n\t\t\t\t<\/div>\n\t\t\t\t<div class=\"elementor-element elementor-element-f78d3a2 elementor-widget__width-inherit elementor-invisible elementor-widget elementor-widget-image\" data-id=\"f78d3a2\" data-element_type=\"widget\" data-e-type=\"widget\" data-settings=\"{&quot;_animation&quot;:&quot;fadeIn&quot;}\" data-widget_type=\"image.default\">\n\t\t\t\t<div class=\"elementor-widget-container\">\n\t\t\t\t\t\t\t\t\t\t\t\t\t\t\t<img fetchpriority=\"high\" decoding=\"async\" width=\"600\" height=\"338\" src=\"https:\/\/mallorca.twofinewheels.com\/wp-content\/uploads\/2024\/12\/road_tramuntana_bike_excursion_komoot_gpx.webp\" class=\"attachment-large size-large wp-image-411\" alt=\"\" srcset=\"https:\/\/mallorca.twofinewheels.com\/wp-content\/uploads\/2024\/12\/road_tramuntana_bike_excursion_komoot_gpx.webp 600w, https:\/\/mallorca.twofinewheels.com\/wp-content\/uploads\/2024\/12\/road_tramuntana_bike_excursion_komoot_gpx-300x169.webp 300w, https:\/\/mallorca.twofinewheels.com\/wp-content\/uploads\/2024\/12\/road_tramuntana_bike_excursion_komoot_gpx-18x10.webp 18w\" sizes=\"(max-width: 600px) 100vw, 600px\" \/>\t\t\t\t\t\t\t\t\t\t\t\t\t\t\t<\/div>\n\t\t\t\t<\/div>\n\t\t\t\t<\/div>\n\t\t\t\t<\/div>\n\t\t<div class=\"elementor-element elementor-element-undefined-fdd8eeb e-flex e-con-boxed e-con e-parent\" data-id=\"undefined-fdd8eeb\" data-element_type=\"container\" data-e-type=\"container\" data-settings=\"{&quot;background_background&quot;:&quot;classic&quot;}\">\n\t\t\t\t\t<div class=\"e-con-inner\">\n\t\t<div class=\"elementor-element elementor-element-undefined-91afadb e-con-full e-flex e-con e-child\" data-id=\"undefined-91afadb\" data-element_type=\"container\" data-e-type=\"container\">\n\t\t\t\t<div class=\"elementor-element elementor-element-undefined-45c1aa5 elementor-widget elementor-widget-heading\" data-id=\"undefined-45c1aa5\" data-element_type=\"widget\" data-e-type=\"widget\" data-widget_type=\"heading.default\">\n\t\t\t\t<div class=\"elementor-widget-container\">\n\t\t\t\t\t<h2 class=\"elementor-heading-title elementor-size-default\">Onze suggesties<\/h2>\t\t\t\t<\/div>\n\t\t\t\t<\/div>\n\t\t\t\t<div class=\"elementor-element elementor-element-undefined-b60c7cc elementor-widget elementor-widget-text-editor\" data-id=\"undefined-b60c7cc\" data-element_type=\"widget\" data-e-type=\"widget\" data-widget_type=\"text-editor.default\">\n\t\t\t\t<div class=\"elementor-widget-container\">\n\t\t\t\t\t\t\t\t\t<p>Vind meer tours op onze Komoot account<\/p>\t\t\t\t\t\t\t\t<\/div>\n\t\t\t\t<\/div>\n\t\t\t\t<div class=\"elementor-element elementor-element-undefined-2b66f9b elementor-widget__width-auto elementor-widget elementor-widget-button\" data-id=\"undefined-2b66f9b\" data-element_type=\"widget\" data-e-type=\"widget\" data-widget_type=\"button.default\">\n\t\t\t\t<div class=\"elementor-widget-container\">\n\t\t\t\t\t\t\t\t\t<div class=\"elementor-button-wrapper\">\n\t\t\t\t\t<a class=\"elementor-button elementor-button-link elementor-size-sm\" href=\"https:\/\/www.komoot.com\/user\/3945804870062\/routes\" target=\"_blank\">\n\t\t\t\t\t\t<span class=\"elementor-button-content-wrapper\">\n\t\t\t\t\t\t\t\t\t<span class=\"elementor-button-text\">Over Komoot<\/span>\n\t\t\t\t\t<\/span>\n\t\t\t\t\t<\/a>\n\t\t\t\t<\/div>\n\t\t\t\t\t\t\t\t<\/div>\n\t\t\t\t<\/div>\n\t\t\t\t<\/div>\n\t\t<div class=\"elementor-element elementor-element-undefined-5776e19 e-flex e-con-boxed e-con e-child\" data-id=\"undefined-5776e19\" data-element_type=\"container\" data-e-type=\"container\">\n\t\t\t\t\t<div class=\"e-con-inner\">\n\t\t<div class=\"elementor-element elementor-element-undefined-34d6889 e-con-full e-flex e-con e-child\" data-id=\"undefined-34d6889\" data-element_type=\"container\" data-e-type=\"container\">\n\t\t\t\t<div class=\"elementor-element elementor-element-undefined-e8ebfb1 elementor-widget elementor-widget-image\" data-id=\"undefined-e8ebfb1\" data-element_type=\"widget\" data-e-type=\"widget\" data-settings=\"{&quot;_animation_tablet&quot;:&quot;slideInLeft&quot;}\" data-widget_type=\"image.default\">\n\t\t\t\t<div class=\"elementor-widget-container\">\n\t\t\t\t\t\t\t\t\t\t\t\t\t\t\t\t<a href=\"https:\/\/www.komoot.com\/user\/3945804870062\/routes\" target=\"_blank\">\n\t\t\t\t\t\t\t<img decoding=\"async\" src=\"http:\/\/mallorca.twofinewheels.com\/wp-content\/uploads\/2025\/09\/logo_komoot_green_RGB_v2-1.svg\" title=\"\" alt=\"\" loading=\"lazy\" \/>\t\t\t\t\t\t\t\t<\/a>\n\t\t\t\t\t\t\t\t\t\t\t\t\t\t\t<\/div>\n\t\t\t\t<\/div>\n\t\t\t\t<\/div>\n\t\t\t\t\t<\/div>\n\t\t\t\t<\/div>\n\t\t\t\t\t<\/div>\n\t\t\t\t<\/div>\n\t\t<div class=\"elementor-element elementor-element-dd9a25b e-flex e-con-boxed e-con e-parent\" data-id=\"dd9a25b\" data-element_type=\"container\" data-e-type=\"container\">\n\t\t\t\t\t<div class=\"e-con-inner\">\n\t\t<div class=\"elementor-element elementor-element-fe9e8a5 e-con-full e-flex e-con e-child\" data-id=\"fe9e8a5\" data-element_type=\"container\" data-e-type=\"container\">\n\t\t\t\t<div class=\"elementor-element elementor-element-04356ed elementor-widget elementor-widget-heading\" data-id=\"04356ed\" data-element_type=\"widget\" data-e-type=\"widget\" data-widget_type=\"heading.default\">\n\t\t\t\t<div class=\"elementor-widget-container\">\n\t\t\t\t\t<h2 class=\"elementor-heading-title elementor-size-default\">Racefiets<\/h2>\t\t\t\t<\/div>\n\t\t\t\t<\/div>\n\t\t\t\t<\/div>\n\t\t<div class=\"elementor-element elementor-element-2eb2ea1 e-con-full e-flex e-con e-child\" data-id=\"2eb2ea1\" data-element_type=\"container\" data-e-type=\"container\">\n\t\t\t\t<div class=\"elementor-element elementor-element-54e59bd elementor-widget elementor-widget-html\" data-id=\"54e59bd\" data-element_type=\"widget\" data-e-type=\"widget\" data-widget_type=\"html.default\">\n\t\t\t\t<div class=\"elementor-widget-container\">\n\t\t\t\t\t<iframe src=\"https:\/\/www.komoot.com\/tour\/1768982406\/embed?share_token=a1jjFtk8msBLzqXZiCXomQrFxY9PIMLW2usUOPXwN84h9w7fuj&profile=1\" width=\"100%\" height=\"700\" frameborder=\"0\" scrolling=\"no\"><\/iframe>\t\t\t\t<\/div>\n\t\t\t\t<\/div>\n\t\t\t\t<\/div>\n\t\t<div class=\"elementor-element elementor-element-7cb6115 e-con-full e-flex e-con e-child\" data-id=\"7cb6115\" data-element_type=\"container\" data-e-type=\"container\">\n\t\t\t\t<div class=\"elementor-element elementor-element-4a14fd4 elementor-widget elementor-widget-html\" data-id=\"4a14fd4\" data-element_type=\"widget\" data-e-type=\"widget\" data-widget_type=\"html.default\">\n\t\t\t\t<div class=\"elementor-widget-container\">\n\t\t\t\t\t<iframe src=\"https:\/\/www.komoot.com\/tour\/1771194234\/embed?share_token=aF4ph4yQQmTcR6auPiqM69PB1F6o7kANpRo0Jo6iO80Udngid1&profile=1\" width=\"100%\" height=\"700\" frameborder=\"0\" scrolling=\"no\"><\/iframe>\t\t\t\t<\/div>\n\t\t\t\t<\/div>\n\t\t\t\t<\/div>\n\t\t<div class=\"elementor-element elementor-element-2cd0caf e-con-full e-flex e-con e-child\" data-id=\"2cd0caf\" data-element_type=\"container\" data-e-type=\"container\">\n\t\t\t\t<div class=\"elementor-element elementor-element-a7313fe elementor-widget elementor-widget-html\" data-id=\"a7313fe\" data-element_type=\"widget\" data-e-type=\"widget\" data-widget_type=\"html.default\">\n\t\t\t\t<div class=\"elementor-widget-container\">\n\t\t\t\t\t<iframe src=\"https:\/\/www.komoot.com\/tour\/1771214547\/embed?share_token=aaotmxr8Llay6VIvkh1GBGPsgRebie5sF7oeadel8SMoQas7h9&profile=1\" width=\"100%\" height=\"700\" frameborder=\"0\" scrolling=\"no\"><\/iframe>\t\t\t\t<\/div>\n\t\t\t\t<\/div>\n\t\t\t\t<\/div>\n\t\t\t\t\t<\/div>\n\t\t\t\t<\/div>\n\t\t<div class=\"elementor-element elementor-element-69443e1 e-flex e-con-boxed e-con e-parent\" data-id=\"69443e1\" data-element_type=\"container\" data-e-type=\"container\">\n\t\t\t\t\t<div class=\"e-con-inner\">\n\t\t<div class=\"elementor-element elementor-element-7e72373 e-con-full e-flex e-con e-child\" data-id=\"7e72373\" data-element_type=\"container\" data-e-type=\"container\">\n\t\t\t\t<div class=\"elementor-element elementor-element-ee2e0bf elementor-widget elementor-widget-heading\" data-id=\"ee2e0bf\" data-element_type=\"widget\" data-e-type=\"widget\" data-widget_type=\"heading.default\">\n\t\t\t\t<div class=\"elementor-widget-container\">\n\t\t\t\t\t<h2 class=\"elementor-heading-title elementor-size-default\">Mountainbike<\/h2>\t\t\t\t<\/div>\n\t\t\t\t<\/div>\n\t\t\t\t<\/div>\n\t\t<div class=\"elementor-element elementor-element-b51c2c4 e-con-full e-flex e-con e-child\" data-id=\"b51c2c4\" data-element_type=\"container\" data-e-type=\"container\">\n\t\t\t\t<div class=\"elementor-element elementor-element-e43e5d7 elementor-widget elementor-widget-html\" data-id=\"e43e5d7\" data-element_type=\"widget\" data-e-type=\"widget\" data-widget_type=\"html.default\">\n\t\t\t\t<div class=\"elementor-widget-container\">\n\t\t\t\t\t<iframe src=\"https:\/\/www.komoot.com\/tour\/1768876409\/embed?share_token=aym1gdUEovw5EOH4NRnWi6abJYAPTnSfzK2clq6T97RaUtddzt&profile=1\" width=\"100%\" height=\"700\" frameborder=\"0\" scrolling=\"no\"><\/iframe>\t\t\t\t<\/div>\n\t\t\t\t<\/div>\n\t\t\t\t<\/div>\n\t\t<div class=\"elementor-element elementor-element-2a9efaf e-con-full e-flex e-con e-child\" data-id=\"2a9efaf\" data-element_type=\"container\" data-e-type=\"container\">\n\t\t\t\t<div class=\"elementor-element elementor-element-70579f7 elementor-widget elementor-widget-html\" data-id=\"70579f7\" data-element_type=\"widget\" data-e-type=\"widget\" data-widget_type=\"html.default\">\n\t\t\t\t<div class=\"elementor-widget-container\">\n\t\t\t\t\t<iframe src=\"https:\/\/www.komoot.com\/tour\/1771416268\/embed?share_token=azK4NbsSvVSUCZmK64JRePZnf7hY5oX8akq6civNJDPBM8lWmE&profile=1\" width=\"100%\" height=\"700\" frameborder=\"0\" scrolling=\"no\"><\/iframe>\t\t\t\t<\/div>\n\t\t\t\t<\/div>\n\t\t\t\t<\/div>\n\t\t<div class=\"elementor-element elementor-element-f20d3b5 e-con-full e-flex e-con e-child\" data-id=\"f20d3b5\" data-element_type=\"container\" data-e-type=\"container\">\n\t\t\t\t<\/div>\n\t\t\t\t\t<\/div>\n\t\t\t\t<\/div>\n\t\t<div class=\"elementor-element elementor-element-8f4ce6c e-flex e-con-boxed e-con e-parent\" data-id=\"8f4ce6c\" data-element_type=\"container\" data-e-type=\"container\">\n\t\t\t\t\t<div class=\"e-con-inner\">\n\t\t<div class=\"elementor-element elementor-element-eea3d88 e-con-full e-flex e-con e-child\" data-id=\"eea3d88\" data-element_type=\"container\" data-e-type=\"container\">\n\t\t\t\t<div class=\"elementor-element elementor-element-6f7fee1 elementor-widget elementor-widget-heading\" data-id=\"6f7fee1\" data-element_type=\"widget\" data-e-type=\"widget\" data-widget_type=\"heading.default\">\n\t\t\t\t<div class=\"elementor-widget-container\">\n\t\t\t\t\t<h2 class=\"elementor-heading-title elementor-size-default\">Leuke ritten voor gezinnen &amp; e-bikes<\/h2>\t\t\t\t<\/div>\n\t\t\t\t<\/div>\n\t\t\t\t<\/div>\n\t\t<div class=\"elementor-element elementor-element-c865c09 e-con-full e-flex e-con e-child\" data-id=\"c865c09\" data-element_type=\"container\" data-e-type=\"container\">\n\t\t\t\t<div class=\"elementor-element elementor-element-2f5d1f1 elementor-widget elementor-widget-html\" data-id=\"2f5d1f1\" data-element_type=\"widget\" data-e-type=\"widget\" data-widget_type=\"html.default\">\n\t\t\t\t<div class=\"elementor-widget-container\">\n\t\t\t\t\t<iframe src=\"https:\/\/www.komoot.com\/tour\/1771440371\/embed?share_token=a7PiUWstKMX8uY8htVNasUsVYCX0T0dtF26TrljHvyeoCUNeAW&profile=1\" width=\"100%\" height=\"700\" frameborder=\"0\" scrolling=\"no\"><\/iframe>\t\t\t\t<\/div>\n\t\t\t\t<\/div>\n\t\t\t\t<\/div>\n\t\t<div class=\"elementor-element elementor-element-f8925e3 e-con-full e-flex e-con e-child\" data-id=\"f8925e3\" data-element_type=\"container\" data-e-type=\"container\">\n\t\t\t\t<div class=\"elementor-element elementor-element-873fcca elementor-widget elementor-widget-html\" data-id=\"873fcca\" data-element_type=\"widget\" data-e-type=\"widget\" data-widget_type=\"html.default\">\n\t\t\t\t<div class=\"elementor-widget-container\">\n\t\t\t\t\t<iframe src=\"https:\/\/www.komoot.com\/tour\/1671490106\/embed?share_token=avMw5It8m19pNm7uMK52xuJvjoFNF1yfgzEM3k2JN8ZSm4hGFs&profile=1\" width=\"100%\" height=\"700\" frameborder=\"0\" scrolling=\"no\"><\/iframe>\t\t\t\t<\/div>\n\t\t\t\t<\/div>\n\t\t\t\t<\/div>\n\t\t<div class=\"elementor-element elementor-element-0a99dae e-con-full e-flex e-con e-child\" data-id=\"0a99dae\" data-element_type=\"container\" data-e-type=\"container\">\n\t\t\t\t<div class=\"elementor-element elementor-element-c4c71c9 elementor-widget elementor-widget-html\" data-id=\"c4c71c9\" data-element_type=\"widget\" data-e-type=\"widget\" data-widget_type=\"html.default\">\n\t\t\t\t<div class=\"elementor-widget-container\">\n\t\t\t\t\t<iframe src=\"https:\/\/www.komoot.com\/tour\/1466830348\/embed?share_token=aXTRrN0BLf2qm6UjlKzDltdpk4ajcjUWn7Da3PbAI3kipslnPP&profile=1\" width=\"100%\" height=\"700\" frameborder=\"0\" scrolling=\"no\"><\/iframe>\t\t\t\t<\/div>\n\t\t\t\t<\/div>\n\t\t\t\t<\/div>\n\t\t\t\t\t<\/div>\n\t\t\t\t<\/div>\n\t\t\t\t<\/div>","protected":false},"excerpt":{"rendered":"<p>Findet hier eine Auswahl an Tourenvorschl\u00e4gen f\u00fcr einen unvergesslichen Tag auf dem Fahrrad. Wir haben sowohl auf Komoot als auch auf Strava eine Auswahl an Routen f\u00fcr Euch vorbereitet. Eine kleine Auswahl mit den besten Routen haben wir hier f\u00fcr Euch verlinkt. Sprecht uns gerne auf weitere Touren an. Die Auswahl ist endlos gro\u00df \ud83d\ude42 [&hellip;]<\/p>\n","protected":false},"author":1,"featured_media":0,"parent":0,"menu_order":0,"comment_status":"closed","ping_status":"closed","template":"","meta":{"footnotes":""},"class_list":["post-402","page","type-page","status-publish","hentry"],"yoast_head":"<!-- This site is optimized with the Yoast SEO plugin v27.4 - https:\/\/yoast.com\/product\/yoast-seo-wordpress\/ -->\n<title>Fahrrad Tourenvorschl\u00e4ge - Bike Center Mallorca<\/title>\n<meta name=\"robots\" content=\"index, follow, max-snippet:-1, max-image-preview:large, max-video-preview:-1\" \/>\n<link rel=\"canonical\" href=\"https:\/\/mallorca.twofinewheels.com\/nl\/bikerides_and_routes_calador_mallorca\/\" \/>\n<meta property=\"og:locale\" content=\"nl_NL\" \/>\n<meta property=\"og:type\" content=\"article\" \/>\n<meta property=\"og:title\" content=\"Fahrrad Tourenvorschl\u00e4ge - Bike Center Mallorca\" \/>\n<meta property=\"og:description\" content=\"Findet hier eine Auswahl an Tourenvorschl\u00e4gen f\u00fcr einen unvergesslichen Tag auf dem Fahrrad. Wir haben sowohl auf Komoot als auch auf Strava eine Auswahl an Routen f\u00fcr Euch vorbereitet. Eine kleine Auswahl mit den besten Routen haben wir hier f\u00fcr Euch verlinkt. Sprecht uns gerne auf weitere Touren an. Die Auswahl ist endlos gro\u00df \ud83d\ude42 [&hellip;]\" \/>\n<meta property=\"og:url\" content=\"https:\/\/mallorca.twofinewheels.com\/nl\/bikerides_and_routes_calador_mallorca\/\" \/>\n<meta property=\"og:site_name\" content=\"Bike Center Mallorca\" \/>\n<meta property=\"article:modified_time\" content=\"2025-09-08T16:06:35+00:00\" \/>\n<meta property=\"og:image\" content=\"http:\/\/mallorca.twofinewheels.com\/wp-content\/uploads\/2024\/12\/road_tramuntana_bike_excursion_komoot_gpx.webp\" \/>\n<meta name=\"twitter:card\" content=\"summary_large_image\" \/>\n<script type=\"application\/ld+json\" class=\"yoast-schema-graph\">{\"@context\":\"https:\\\/\\\/schema.org\",\"@graph\":[{\"@type\":\"WebPage\",\"@id\":\"https:\\\/\\\/mallorca.twofinewheels.com\\\/en\\\/bikerides_and_routes_calador_mallorca\\\/\",\"url\":\"https:\\\/\\\/mallorca.twofinewheels.com\\\/en\\\/bikerides_and_routes_calador_mallorca\\\/\",\"name\":\"Fahrrad Tourenvorschl\u00e4ge - Bike Center Mallorca\",\"isPartOf\":{\"@id\":\"https:\\\/\\\/mallorca.twofinewheels.com\\\/en\\\/#website\"},\"primaryImageOfPage\":{\"@id\":\"https:\\\/\\\/mallorca.twofinewheels.com\\\/en\\\/bikerides_and_routes_calador_mallorca\\\/#primaryimage\"},\"image\":{\"@id\":\"https:\\\/\\\/mallorca.twofinewheels.com\\\/en\\\/bikerides_and_routes_calador_mallorca\\\/#primaryimage\"},\"thumbnailUrl\":\"http:\\\/\\\/mallorca.twofinewheels.com\\\/wp-content\\\/uploads\\\/2024\\\/12\\\/road_tramuntana_bike_excursion_komoot_gpx.webp\",\"datePublished\":\"2024-12-29T16:26:32+00:00\",\"dateModified\":\"2025-09-08T16:06:35+00:00\",\"breadcrumb\":{\"@id\":\"https:\\\/\\\/mallorca.twofinewheels.com\\\/en\\\/bikerides_and_routes_calador_mallorca\\\/#breadcrumb\"},\"inLanguage\":\"nl-NL\",\"potentialAction\":[{\"@type\":\"ReadAction\",\"target\":[\"https:\\\/\\\/mallorca.twofinewheels.com\\\/en\\\/bikerides_and_routes_calador_mallorca\\\/\"]}]},{\"@type\":\"ImageObject\",\"inLanguage\":\"nl-NL\",\"@id\":\"https:\\\/\\\/mallorca.twofinewheels.com\\\/en\\\/bikerides_and_routes_calador_mallorca\\\/#primaryimage\",\"url\":\"http:\\\/\\\/mallorca.twofinewheels.com\\\/wp-content\\\/uploads\\\/2024\\\/12\\\/road_tramuntana_bike_excursion_komoot_gpx.webp\",\"contentUrl\":\"http:\\\/\\\/mallorca.twofinewheels.com\\\/wp-content\\\/uploads\\\/2024\\\/12\\\/road_tramuntana_bike_excursion_komoot_gpx.webp\"},{\"@type\":\"BreadcrumbList\",\"@id\":\"https:\\\/\\\/mallorca.twofinewheels.com\\\/en\\\/bikerides_and_routes_calador_mallorca\\\/#breadcrumb\",\"itemListElement\":[{\"@type\":\"ListItem\",\"position\":1,\"name\":\"Startseite\",\"item\":\"https:\\\/\\\/mallorca.twofinewheels.com\\\/\"},{\"@type\":\"ListItem\",\"position\":2,\"name\":\"Fahrrad Tourenvorschl\u00e4ge\"}]},{\"@type\":\"WebSite\",\"@id\":\"https:\\\/\\\/mallorca.twofinewheels.com\\\/en\\\/#website\",\"url\":\"https:\\\/\\\/mallorca.twofinewheels.com\\\/en\\\/\",\"name\":\"Bike Center Mallorca\",\"description\":\"Bikecenter on Mallorca since 1999\",\"publisher\":{\"@id\":\"https:\\\/\\\/mallorca.twofinewheels.com\\\/en\\\/#organization\"},\"potentialAction\":[{\"@type\":\"SearchAction\",\"target\":{\"@type\":\"EntryPoint\",\"urlTemplate\":\"https:\\\/\\\/mallorca.twofinewheels.com\\\/en\\\/?s={search_term_string}\"},\"query-input\":{\"@type\":\"PropertyValueSpecification\",\"valueRequired\":true,\"valueName\":\"search_term_string\"}}],\"inLanguage\":\"nl-NL\"},{\"@type\":\"Organization\",\"@id\":\"https:\\\/\\\/mallorca.twofinewheels.com\\\/en\\\/#organization\",\"name\":\"Two Fine Wheels Mallorca\",\"url\":\"https:\\\/\\\/mallorca.twofinewheels.com\\\/en\\\/\",\"logo\":{\"@type\":\"ImageObject\",\"inLanguage\":\"nl-NL\",\"@id\":\"https:\\\/\\\/mallorca.twofinewheels.com\\\/en\\\/#\\\/schema\\\/logo\\\/image\\\/\",\"url\":\"https:\\\/\\\/mallorca.twofinewheels.com\\\/wp-content\\\/uploads\\\/2024\\\/12\\\/logotwofinewheels_small.jpg\",\"contentUrl\":\"https:\\\/\\\/mallorca.twofinewheels.com\\\/wp-content\\\/uploads\\\/2024\\\/12\\\/logotwofinewheels_small.jpg\",\"width\":150,\"height\":147,\"caption\":\"Two Fine Wheels Mallorca\"},\"image\":{\"@id\":\"https:\\\/\\\/mallorca.twofinewheels.com\\\/en\\\/#\\\/schema\\\/logo\\\/image\\\/\"},\"sameAs\":[\"https:\\\/\\\/www.instagram.com\\\/twofinewheels_berlin\\\/\",\"https:\\\/\\\/www.instagram.com\\\/twofinewheels_mallorca\\\/\"]}]}<\/script>\n<!-- \/ Yoast SEO plugin. -->","yoast_head_json":{"title":"Fahrrad Tourenvorschl\u00e4ge - Bike Center Mallorca","robots":{"index":"index","follow":"follow","max-snippet":"max-snippet:-1","max-image-preview":"max-image-preview:large","max-video-preview":"max-video-preview:-1"},"canonical":"https:\/\/mallorca.twofinewheels.com\/nl\/bikerides_and_routes_calador_mallorca\/","og_locale":"nl_NL","og_type":"article","og_title":"Fahrrad Tourenvorschl\u00e4ge - Bike Center Mallorca","og_description":"Findet hier eine Auswahl an Tourenvorschl\u00e4gen f\u00fcr einen unvergesslichen Tag auf dem Fahrrad. Wir haben sowohl auf Komoot als auch auf Strava eine Auswahl an Routen f\u00fcr Euch vorbereitet. Eine kleine Auswahl mit den besten Routen haben wir hier f\u00fcr Euch verlinkt. Sprecht uns gerne auf weitere Touren an. Die Auswahl ist endlos gro\u00df \ud83d\ude42 [&hellip;]","og_url":"https:\/\/mallorca.twofinewheels.com\/nl\/bikerides_and_routes_calador_mallorca\/","og_site_name":"Bike Center Mallorca","article_modified_time":"2025-09-08T16:06:35+00:00","og_image":[{"url":"http:\/\/mallorca.twofinewheels.com\/wp-content\/uploads\/2024\/12\/road_tramuntana_bike_excursion_komoot_gpx.webp","type":"","width":"","height":""}],"twitter_card":"summary_large_image","schema":{"@context":"https:\/\/schema.org","@graph":[{"@type":"WebPage","@id":"https:\/\/mallorca.twofinewheels.com\/en\/bikerides_and_routes_calador_mallorca\/","url":"https:\/\/mallorca.twofinewheels.com\/en\/bikerides_and_routes_calador_mallorca\/","name":"Fahrrad Tourenvorschl\u00e4ge - Bike Center Mallorca","isPartOf":{"@id":"https:\/\/mallorca.twofinewheels.com\/en\/#website"},"primaryImageOfPage":{"@id":"https:\/\/mallorca.twofinewheels.com\/en\/bikerides_and_routes_calador_mallorca\/#primaryimage"},"image":{"@id":"https:\/\/mallorca.twofinewheels.com\/en\/bikerides_and_routes_calador_mallorca\/#primaryimage"},"thumbnailUrl":"http:\/\/mallorca.twofinewheels.com\/wp-content\/uploads\/2024\/12\/road_tramuntana_bike_excursion_komoot_gpx.webp","datePublished":"2024-12-29T16:26:32+00:00","dateModified":"2025-09-08T16:06:35+00:00","breadcrumb":{"@id":"https:\/\/mallorca.twofinewheels.com\/en\/bikerides_and_routes_calador_mallorca\/#breadcrumb"},"inLanguage":"nl-NL","potentialAction":[{"@type":"ReadAction","target":["https:\/\/mallorca.twofinewheels.com\/en\/bikerides_and_routes_calador_mallorca\/"]}]},{"@type":"ImageObject","inLanguage":"nl-NL","@id":"https:\/\/mallorca.twofinewheels.com\/en\/bikerides_and_routes_calador_mallorca\/#primaryimage","url":"http:\/\/mallorca.twofinewheels.com\/wp-content\/uploads\/2024\/12\/road_tramuntana_bike_excursion_komoot_gpx.webp","contentUrl":"http:\/\/mallorca.twofinewheels.com\/wp-content\/uploads\/2024\/12\/road_tramuntana_bike_excursion_komoot_gpx.webp"},{"@type":"BreadcrumbList","@id":"https:\/\/mallorca.twofinewheels.com\/en\/bikerides_and_routes_calador_mallorca\/#breadcrumb","itemListElement":[{"@type":"ListItem","position":1,"name":"Startseite","item":"https:\/\/mallorca.twofinewheels.com\/"},{"@type":"ListItem","position":2,"name":"Fahrrad Tourenvorschl\u00e4ge"}]},{"@type":"WebSite","@id":"https:\/\/mallorca.twofinewheels.com\/en\/#website","url":"https:\/\/mallorca.twofinewheels.com\/en\/","name":"Fietscentrum Mallorca","description":"Fietscentrum op Mallorca sinds 1999","publisher":{"@id":"https:\/\/mallorca.twofinewheels.com\/en\/#organization"},"potentialAction":[{"@type":"SearchAction","target":{"@type":"EntryPoint","urlTemplate":"https:\/\/mallorca.twofinewheels.com\/en\/?s={search_term_string}"},"query-input":{"@type":"PropertyValueSpecification","valueRequired":true,"valueName":"search_term_string"}}],"inLanguage":"nl-NL"},{"@type":"Organization","@id":"https:\/\/mallorca.twofinewheels.com\/en\/#organization","name":"Two Fine Wheels Mallorca","url":"https:\/\/mallorca.twofinewheels.com\/en\/","logo":{"@type":"ImageObject","inLanguage":"nl-NL","@id":"https:\/\/mallorca.twofinewheels.com\/en\/#\/schema\/logo\/image\/","url":"https:\/\/mallorca.twofinewheels.com\/wp-content\/uploads\/2024\/12\/logotwofinewheels_small.jpg","contentUrl":"https:\/\/mallorca.twofinewheels.com\/wp-content\/uploads\/2024\/12\/logotwofinewheels_small.jpg","width":150,"height":147,"caption":"Two Fine Wheels Mallorca"},"image":{"@id":"https:\/\/mallorca.twofinewheels.com\/en\/#\/schema\/logo\/image\/"},"sameAs":["https:\/\/www.instagram.com\/twofinewheels_berlin\/","https:\/\/www.instagram.com\/twofinewheels_mallorca\/"]}]}},"_links":{"self":[{"href":"https:\/\/mallorca.twofinewheels.com\/nl\/wp-json\/wp\/v2\/pages\/402","targetHints":{"allow":["GET"]}}],"collection":[{"href":"https:\/\/mallorca.twofinewheels.com\/nl\/wp-json\/wp\/v2\/pages"}],"about":[{"href":"https:\/\/mallorca.twofinewheels.com\/nl\/wp-json\/wp\/v2\/types\/page"}],"author":[{"embeddable":true,"href":"https:\/\/mallorca.twofinewheels.com\/nl\/wp-json\/wp\/v2\/users\/1"}],"replies":[{"embeddable":true,"href":"https:\/\/mallorca.twofinewheels.com\/nl\/wp-json\/wp\/v2\/comments?post=402"}],"version-history":[{"count":23,"href":"https:\/\/mallorca.twofinewheels.com\/nl\/wp-json\/wp\/v2\/pages\/402\/revisions"}],"predecessor-version":[{"id":1075,"href":"https:\/\/mallorca.twofinewheels.com\/nl\/wp-json\/wp\/v2\/pages\/402\/revisions\/1075"}],"wp:attachment":[{"href":"https:\/\/mallorca.twofinewheels.com\/nl\/wp-json\/wp\/v2\/media?parent=402"}],"curies":[{"name":"wp","href":"https:\/\/api.w.org\/{rel}","templated":true}]}}