{"id":372,"date":"2024-12-29T15:41:52","date_gmt":"2024-12-29T15:41:52","guid":{"rendered":"https:\/\/mallorca.twofinewheels.com\/?page_id=372"},"modified":"2024-12-29T15:51:01","modified_gmt":"2024-12-29T15:51:01","slug":"copyright","status":"publish","type":"page","link":"https:\/\/mallorca.twofinewheels.com\/nl\/copyright\/","title":{"rendered":"Copyright"},"content":{"rendered":"<div data-elementor-type=\"wp-page\" data-elementor-id=\"372\" class=\"elementor elementor-372\" data-elementor-post-type=\"page\">\n\t\t\t\t<div class=\"elementor-element elementor-element-9ace7bc e-flex e-con-boxed e-con e-parent\" data-id=\"9ace7bc\" data-element_type=\"container\" data-e-type=\"container\">\n\t\t\t\t\t<div class=\"e-con-inner\">\n\t\t\t\t<div class=\"elementor-element elementor-element-1ada610 elementor-widget elementor-widget-text-editor\" data-id=\"1ada610\" data-element_type=\"widget\" data-e-type=\"widget\" data-widget_type=\"text-editor.default\">\n\t\t\t\t<div class=\"elementor-widget-container\">\n\t\t\t\t\t\t\t\t\t<div><p><b>INTELLECTUEEL EIGENDOM EN AUTEURSRECHTEN<\/b><\/p><p>De intellectuele eigendomsrechten van deze website, de domeinnaam, de broncode, het ontwerp en de navigatiestructuur ervan zijn eigendom van voornoemd bedrijf, dat als enige gerechtigd is de gebruiksrechten op welke wijze dan ook uit te oefenen, met name de rechten van reproductie, verspreiding, openbare mededeling en transformatie.<\/p><p>De gebruiker stemt ermee in om, in overeenstemming met de bepalingen van het auteursrecht, de integriteit van het werk te behouden en geen vervorming, wijziging of aanpassing aan te brengen in het genoemde werk die schadelijk is voor zijn legitieme belangen of die zijn reputatie schaadt. Bovendien verbindt hij zich ertoe geen informatie over de inhoud van deze site te reproduceren, kopi\u00ebren, verspreiden of publiceren zonder schriftelijke toestemming van de eigenaar.<\/p><p>Het simpelweg plaatsen van een link naar onze website geeft u niet het recht om medewerker of zakenpartner van het bedrijf te worden. Het is absoluut verboden om ons portaal geheel of gedeeltelijk te kopi\u00ebren.<\/p><\/div><div>\u00a0<\/div>\t\t\t\t\t\t\t\t<\/div>\n\t\t\t\t<\/div>\n\t\t\t\t\t<\/div>\n\t\t\t\t<\/div>\n\t\t\t\t<\/div>","protected":false},"excerpt":{"rendered":"<p>INTELLEKTUELLES EIGENTUM UND URHEBERRECHTE Die Rechte \u00fcber das intellektuelle Eigentum dieser Website, den Domain-Namen, den Quellcode, das Design und die Navigationsstruktur derselben sind Eigentum der genannten Firma, der allein die Aus\u00fcbung der Nutzungsrechte auf jegliche Art zukommt, insbesondere die Rechte auf Reproduktion, Verteilung, \u00f6ffentliche Kommunikation und Umgestaltung. Der Ben\u00fctzer ist damit einverstanden, gem\u00e4ss den Bestimmungen [&hellip;]<\/p>\n","protected":false},"author":1,"featured_media":0,"parent":0,"menu_order":0,"comment_status":"closed","ping_status":"closed","template":"","meta":{"footnotes":""},"class_list":["post-372","page","type-page","status-publish","hentry"],"yoast_head":"<!-- This site is optimized with the Yoast SEO plugin v27.4 - https:\/\/yoast.com\/product\/yoast-seo-wordpress\/ -->\n<title>Copyright - Bike Center Mallorca<\/title>\n<meta name=\"robots\" content=\"index, follow, max-snippet:-1, max-image-preview:large, max-video-preview:-1\" \/>\n<link rel=\"canonical\" href=\"https:\/\/mallorca.twofinewheels.com\/nl\/copyright\/\" \/>\n<meta property=\"og:locale\" content=\"nl_NL\" \/>\n<meta property=\"og:type\" content=\"article\" \/>\n<meta property=\"og:title\" content=\"Copyright - Bike Center Mallorca\" \/>\n<meta property=\"og:description\" content=\"INTELLEKTUELLES EIGENTUM UND URHEBERRECHTE Die Rechte \u00fcber das intellektuelle Eigentum dieser Website, den Domain-Namen, den Quellcode, das Design und die Navigationsstruktur derselben sind Eigentum der genannten Firma, der allein die Aus\u00fcbung der Nutzungsrechte auf jegliche Art zukommt, insbesondere die Rechte auf Reproduktion, Verteilung, \u00f6ffentliche Kommunikation und Umgestaltung. Der Ben\u00fctzer ist damit einverstanden, gem\u00e4ss den Bestimmungen [&hellip;]\" \/>\n<meta property=\"og:url\" content=\"https:\/\/mallorca.twofinewheels.com\/nl\/copyright\/\" \/>\n<meta property=\"og:site_name\" content=\"Bike Center Mallorca\" \/>\n<meta property=\"article:modified_time\" content=\"2024-12-29T15:51:01+00:00\" \/>\n<meta name=\"twitter:card\" content=\"summary_large_image\" \/>\n<meta name=\"twitter:label1\" content=\"Geschatte leestijd\" \/>\n\t<meta name=\"twitter:data1\" content=\"1 minuut\" \/>\n<script type=\"application\/ld+json\" class=\"yoast-schema-graph\">{\"@context\":\"https:\\\/\\\/schema.org\",\"@graph\":[{\"@type\":\"WebPage\",\"@id\":\"https:\\\/\\\/mallorca.twofinewheels.com\\\/en\\\/copyright\\\/\",\"url\":\"https:\\\/\\\/mallorca.twofinewheels.com\\\/en\\\/copyright\\\/\",\"name\":\"Copyright - Bike Center Mallorca\",\"isPartOf\":{\"@id\":\"https:\\\/\\\/mallorca.twofinewheels.com\\\/en\\\/#website\"},\"datePublished\":\"2024-12-29T15:41:52+00:00\",\"dateModified\":\"2024-12-29T15:51:01+00:00\",\"breadcrumb\":{\"@id\":\"https:\\\/\\\/mallorca.twofinewheels.com\\\/en\\\/copyright\\\/#breadcrumb\"},\"inLanguage\":\"nl-NL\",\"potentialAction\":[{\"@type\":\"ReadAction\",\"target\":[\"https:\\\/\\\/mallorca.twofinewheels.com\\\/en\\\/copyright\\\/\"]}]},{\"@type\":\"BreadcrumbList\",\"@id\":\"https:\\\/\\\/mallorca.twofinewheels.com\\\/en\\\/copyright\\\/#breadcrumb\",\"itemListElement\":[{\"@type\":\"ListItem\",\"position\":1,\"name\":\"Startseite\",\"item\":\"https:\\\/\\\/mallorca.twofinewheels.com\\\/\"},{\"@type\":\"ListItem\",\"position\":2,\"name\":\"Copyright\"}]},{\"@type\":\"WebSite\",\"@id\":\"https:\\\/\\\/mallorca.twofinewheels.com\\\/en\\\/#website\",\"url\":\"https:\\\/\\\/mallorca.twofinewheels.com\\\/en\\\/\",\"name\":\"Bike Center Mallorca\",\"description\":\"Bikecenter on Mallorca since 1999\",\"publisher\":{\"@id\":\"https:\\\/\\\/mallorca.twofinewheels.com\\\/en\\\/#organization\"},\"potentialAction\":[{\"@type\":\"SearchAction\",\"target\":{\"@type\":\"EntryPoint\",\"urlTemplate\":\"https:\\\/\\\/mallorca.twofinewheels.com\\\/en\\\/?s={search_term_string}\"},\"query-input\":{\"@type\":\"PropertyValueSpecification\",\"valueRequired\":true,\"valueName\":\"search_term_string\"}}],\"inLanguage\":\"nl-NL\"},{\"@type\":\"Organization\",\"@id\":\"https:\\\/\\\/mallorca.twofinewheels.com\\\/en\\\/#organization\",\"name\":\"Two Fine Wheels Mallorca\",\"url\":\"https:\\\/\\\/mallorca.twofinewheels.com\\\/en\\\/\",\"logo\":{\"@type\":\"ImageObject\",\"inLanguage\":\"nl-NL\",\"@id\":\"https:\\\/\\\/mallorca.twofinewheels.com\\\/en\\\/#\\\/schema\\\/logo\\\/image\\\/\",\"url\":\"https:\\\/\\\/mallorca.twofinewheels.com\\\/wp-content\\\/uploads\\\/2024\\\/12\\\/logotwofinewheels_small.jpg\",\"contentUrl\":\"https:\\\/\\\/mallorca.twofinewheels.com\\\/wp-content\\\/uploads\\\/2024\\\/12\\\/logotwofinewheels_small.jpg\",\"width\":150,\"height\":147,\"caption\":\"Two Fine Wheels Mallorca\"},\"image\":{\"@id\":\"https:\\\/\\\/mallorca.twofinewheels.com\\\/en\\\/#\\\/schema\\\/logo\\\/image\\\/\"},\"sameAs\":[\"https:\\\/\\\/www.instagram.com\\\/twofinewheels_berlin\\\/\",\"https:\\\/\\\/www.instagram.com\\\/twofinewheels_mallorca\\\/\"]}]}<\/script>\n<!-- \/ Yoast SEO plugin. -->","yoast_head_json":{"title":"Copyright - Bike Center Mallorca","robots":{"index":"index","follow":"follow","max-snippet":"max-snippet:-1","max-image-preview":"max-image-preview:large","max-video-preview":"max-video-preview:-1"},"canonical":"https:\/\/mallorca.twofinewheels.com\/nl\/copyright\/","og_locale":"nl_NL","og_type":"article","og_title":"Copyright - Bike Center Mallorca","og_description":"INTELLEKTUELLES EIGENTUM UND URHEBERRECHTE Die Rechte \u00fcber das intellektuelle Eigentum dieser Website, den Domain-Namen, den Quellcode, das Design und die Navigationsstruktur derselben sind Eigentum der genannten Firma, der allein die Aus\u00fcbung der Nutzungsrechte auf jegliche Art zukommt, insbesondere die Rechte auf Reproduktion, Verteilung, \u00f6ffentliche Kommunikation und Umgestaltung. Der Ben\u00fctzer ist damit einverstanden, gem\u00e4ss den Bestimmungen [&hellip;]","og_url":"https:\/\/mallorca.twofinewheels.com\/nl\/copyright\/","og_site_name":"Bike Center Mallorca","article_modified_time":"2024-12-29T15:51:01+00:00","twitter_card":"summary_large_image","twitter_misc":{"Geschatte leestijd":"1 minuut"},"schema":{"@context":"https:\/\/schema.org","@graph":[{"@type":"WebPage","@id":"https:\/\/mallorca.twofinewheels.com\/en\/copyright\/","url":"https:\/\/mallorca.twofinewheels.com\/en\/copyright\/","name":"Copyright - Bike Center Mallorca","isPartOf":{"@id":"https:\/\/mallorca.twofinewheels.com\/en\/#website"},"datePublished":"2024-12-29T15:41:52+00:00","dateModified":"2024-12-29T15:51:01+00:00","breadcrumb":{"@id":"https:\/\/mallorca.twofinewheels.com\/en\/copyright\/#breadcrumb"},"inLanguage":"nl-NL","potentialAction":[{"@type":"ReadAction","target":["https:\/\/mallorca.twofinewheels.com\/en\/copyright\/"]}]},{"@type":"BreadcrumbList","@id":"https:\/\/mallorca.twofinewheels.com\/en\/copyright\/#breadcrumb","itemListElement":[{"@type":"ListItem","position":1,"name":"Startseite","item":"https:\/\/mallorca.twofinewheels.com\/"},{"@type":"ListItem","position":2,"name":"Copyright"}]},{"@type":"WebSite","@id":"https:\/\/mallorca.twofinewheels.com\/en\/#website","url":"https:\/\/mallorca.twofinewheels.com\/en\/","name":"Fietscentrum Mallorca","description":"Fietscentrum op Mallorca sinds 1999","publisher":{"@id":"https:\/\/mallorca.twofinewheels.com\/en\/#organization"},"potentialAction":[{"@type":"SearchAction","target":{"@type":"EntryPoint","urlTemplate":"https:\/\/mallorca.twofinewheels.com\/en\/?s={search_term_string}"},"query-input":{"@type":"PropertyValueSpecification","valueRequired":true,"valueName":"search_term_string"}}],"inLanguage":"nl-NL"},{"@type":"Organization","@id":"https:\/\/mallorca.twofinewheels.com\/en\/#organization","name":"Two Fine Wheels Mallorca","url":"https:\/\/mallorca.twofinewheels.com\/en\/","logo":{"@type":"ImageObject","inLanguage":"nl-NL","@id":"https:\/\/mallorca.twofinewheels.com\/en\/#\/schema\/logo\/image\/","url":"https:\/\/mallorca.twofinewheels.com\/wp-content\/uploads\/2024\/12\/logotwofinewheels_small.jpg","contentUrl":"https:\/\/mallorca.twofinewheels.com\/wp-content\/uploads\/2024\/12\/logotwofinewheels_small.jpg","width":150,"height":147,"caption":"Two Fine Wheels Mallorca"},"image":{"@id":"https:\/\/mallorca.twofinewheels.com\/en\/#\/schema\/logo\/image\/"},"sameAs":["https:\/\/www.instagram.com\/twofinewheels_berlin\/","https:\/\/www.instagram.com\/twofinewheels_mallorca\/"]}]}},"_links":{"self":[{"href":"https:\/\/mallorca.twofinewheels.com\/nl\/wp-json\/wp\/v2\/pages\/372","targetHints":{"allow":["GET"]}}],"collection":[{"href":"https:\/\/mallorca.twofinewheels.com\/nl\/wp-json\/wp\/v2\/pages"}],"about":[{"href":"https:\/\/mallorca.twofinewheels.com\/nl\/wp-json\/wp\/v2\/types\/page"}],"author":[{"embeddable":true,"href":"https:\/\/mallorca.twofinewheels.com\/nl\/wp-json\/wp\/v2\/users\/1"}],"replies":[{"embeddable":true,"href":"https:\/\/mallorca.twofinewheels.com\/nl\/wp-json\/wp\/v2\/comments?post=372"}],"version-history":[{"count":7,"href":"https:\/\/mallorca.twofinewheels.com\/nl\/wp-json\/wp\/v2\/pages\/372\/revisions"}],"predecessor-version":[{"id":387,"href":"https:\/\/mallorca.twofinewheels.com\/nl\/wp-json\/wp\/v2\/pages\/372\/revisions\/387"}],"wp:attachment":[{"href":"https:\/\/mallorca.twofinewheels.com\/nl\/wp-json\/wp\/v2\/media?parent=372"}],"curies":[{"name":"wp","href":"https:\/\/api.w.org\/{rel}","templated":true}]}}