{"id":86,"date":"2024-12-15T16:46:55","date_gmt":"2024-12-15T16:46:55","guid":{"rendered":"https:\/\/mallorca.twofinewheels.com\/about\/"},"modified":"2024-12-16T16:01:28","modified_gmt":"2024-12-16T16:01:28","slug":"about","status":"publish","type":"page","link":"https:\/\/mallorca.twofinewheels.com\/it\/about\/","title":{"rendered":"Circa"},"content":{"rendered":"<div data-elementor-type=\"wp-page\" data-elementor-id=\"86\" class=\"elementor elementor-86\" data-elementor-post-type=\"page\">\n\t\t\t\t<div class=\"elementor-element elementor-element-6243c292 e-con-full e-flex e-con e-parent\" data-id=\"6243c292\" data-element_type=\"container\" data-e-type=\"container\" data-settings=\"{&quot;background_background&quot;:&quot;classic&quot;}\">\n\t\t<div class=\"elementor-element elementor-element-3e2d0cd6 e-con-full e-flex e-con e-child\" data-id=\"3e2d0cd6\" data-element_type=\"container\" data-e-type=\"container\" data-settings=\"{&quot;background_background&quot;:&quot;classic&quot;}\">\n\t\t\t\t<\/div>\n\t\t<div class=\"elementor-element elementor-element-3c6dcbe0 e-con-full e-flex e-con e-child\" data-id=\"3c6dcbe0\" data-element_type=\"container\" data-e-type=\"container\" data-settings=\"{&quot;background_background&quot;:&quot;classic&quot;}\">\n\t\t\t\t<div class=\"elementor-element elementor-element-361fbd68 elementor-cta--skin-cover elementor-widget elementor-widget-call-to-action\" data-id=\"361fbd68\" data-element_type=\"widget\" data-e-type=\"widget\" data-widget_type=\"call-to-action.default\">\n\t\t\t\t<div class=\"elementor-widget-container\">\n\t\t\t\t\t\t\t<div class=\"elementor-cta\">\n\t\t\t\t\t<div class=\"elementor-cta__bg-wrapper\">\n\t\t\t\t<div class=\"elementor-cta__bg elementor-bg\" style=\"background-image: url();\" role=\"img\" aria-label=\"\"><\/div>\n\t\t\t\t<div class=\"elementor-cta__bg-overlay\"><\/div>\n\t\t\t<\/div>\n\t\t\t\t\t\t\t<div class=\"elementor-cta__content\">\n\t\t\t\t\n\t\t\t\t\t\t\t\t\t<h1 class=\"elementor-cta__title elementor-cta__content-item elementor-content-item\">\n\t\t\t\t\t\tSiamo al vostro fianco dal 1999\t\t\t\t\t<\/h1>\n\t\t\t\t\n\t\t\t\t\t\t\t\t\t<div class=\"elementor-cta__description elementor-cta__content-item elementor-content-item\">\n\t\t\t\t\t\tFondata nel 1999 con l'intenzione di trascorrere una grande estate.\t\t\t\t\t<\/div>\n\t\t\t\t\n\t\t\t\t\t\t\t<\/div>\n\t\t\t\t\t\t<\/div>\n\t\t\t\t\t\t<\/div>\n\t\t\t\t<\/div>\n\t\t\t\t<\/div>\n\t\t\t\t<\/div>\n\t\t<div class=\"elementor-element elementor-element-5d25d9d e-flex e-con-boxed e-con e-parent\" data-id=\"5d25d9d\" data-element_type=\"container\" data-e-type=\"container\">\n\t\t\t\t\t<div class=\"e-con-inner\">\n\t\t<div class=\"elementor-element elementor-element-53d59ac e-con-full e-flex e-con e-child\" data-id=\"53d59ac\" data-element_type=\"container\" data-e-type=\"container\">\n\t\t\t\t<div class=\"elementor-element elementor-element-eb7335e elementor-widget elementor-widget-heading\" data-id=\"eb7335e\" data-element_type=\"widget\" data-e-type=\"widget\" data-widget_type=\"heading.default\">\n\t\t\t\t<div class=\"elementor-widget-container\">\n\t\t\t\t\t<h2 class=\"elementor-heading-title elementor-size-default\">Circa<\/h2>\t\t\t\t<\/div>\n\t\t\t\t<\/div>\n\t\t\t\t<div class=\"elementor-element elementor-element-28f9f76 elementor-widget elementor-widget-text-editor\" data-id=\"28f9f76\" data-element_type=\"widget\" data-e-type=\"widget\" data-widget_type=\"text-editor.default\">\n\t\t\t\t<div class=\"elementor-widget-container\">\n\t\t\t\t\t\t\t\t\t<p>Da bambino, negli anni Novanta, gi\u00e0 \"pedalavo\" su e gi\u00f9 per la Reinickendorfer Forst di Berlino con semplici mountain bike d'acciaio. Il mio amore per lo sport ha gettato le basi per il nuovo progetto quando ho aperto il mio negozio a Maiorca nel 1999.\u00a0<b>DUE RUOTE SOTTILI<\/b>\u00a0posato.<\/p><p>Negli ultimi anni, l'idea e il desiderio di trascorrere del tempo a Berlino si sono ripresentati. Il risultato \u00e8 il nostro nuovo negozio di biciclette nel cuore della capitale tedesca, Kreuzberg.<\/p><p>Dopo anni di collaborazione con una grande catena alberghiera, anche noi ci siamo trasferiti a Maiorca e ci siamo insediati nel nostro nuovo negozio direttamente nel centro di Cala d'Ors.<\/p><p>Il nostro piccolo team in entrambe le sedi non vede l'ora di vivere la passione per il ciclismo insieme a voi - sia che acquistiate una maglia della nostra gamma di abbigliamento da ciclismo Two Fine Wheels o un casco, che prenotiate una bicicletta per le vostre vacanze, che troviate insieme le ottimizzazioni per la vostra configurazione durante il montaggio della bicicletta, che diate un po' di cura alla vostra bicicletta preferita o che acquistiate da noi la vostra nuova bicicletta dei sogni: vi aspettiamo.<\/p>\t\t\t\t\t\t\t\t<\/div>\n\t\t\t\t<\/div>\n\t\t\t\t<\/div>\n\t\t<div class=\"elementor-element elementor-element-96c2553 e-con-full e-flex e-con e-child\" data-id=\"96c2553\" data-element_type=\"container\" data-e-type=\"container\">\n\t\t\t\t<div class=\"elementor-element elementor-element-9396dc3 elementor-widget elementor-widget-image\" data-id=\"9396dc3\" data-element_type=\"widget\" data-e-type=\"widget\" data-widget_type=\"image.default\">\n\t\t\t\t<div class=\"elementor-widget-container\">\n\t\t\t\t\t\t\t\t\t\t\t\t\t\t\t<img fetchpriority=\"high\" decoding=\"async\" width=\"800\" height=\"534\" src=\"https:\/\/mallorca.twofinewheels.com\/wp-content\/uploads\/2024\/12\/tfw_fabian_runge_mallorca312_roadbike_mallorca-1024x683.jpg\" class=\"attachment-large size-large wp-image-284\" alt=\"\" srcset=\"https:\/\/mallorca.twofinewheels.com\/wp-content\/uploads\/2024\/12\/tfw_fabian_runge_mallorca312_roadbike_mallorca-1024x683.jpg 1024w, https:\/\/mallorca.twofinewheels.com\/wp-content\/uploads\/2024\/12\/tfw_fabian_runge_mallorca312_roadbike_mallorca-300x200.jpg 300w, https:\/\/mallorca.twofinewheels.com\/wp-content\/uploads\/2024\/12\/tfw_fabian_runge_mallorca312_roadbike_mallorca-768x512.jpg 768w, https:\/\/mallorca.twofinewheels.com\/wp-content\/uploads\/2024\/12\/tfw_fabian_runge_mallorca312_roadbike_mallorca-18x12.jpg 18w, https:\/\/mallorca.twofinewheels.com\/wp-content\/uploads\/2024\/12\/tfw_fabian_runge_mallorca312_roadbike_mallorca.jpg 1200w\" sizes=\"(max-width: 800px) 100vw, 800px\" \/>\t\t\t\t\t\t\t\t\t\t\t\t\t\t\t<\/div>\n\t\t\t\t<\/div>\n\t\t\t\t<\/div>\n\t\t\t\t\t<\/div>\n\t\t\t\t<\/div>\n\t\t<div class=\"elementor-element elementor-element-7c3de7a0 e-flex e-con-boxed e-con e-parent\" data-id=\"7c3de7a0\" data-element_type=\"container\" data-e-type=\"container\" data-settings=\"{&quot;background_background&quot;:&quot;classic&quot;}\">\n\t\t\t\t\t<div class=\"e-con-inner\">\n\t\t\t\t\t<\/div>\n\t\t\t\t<\/div>\n\t\t\t\t<\/div>","protected":false},"excerpt":{"rendered":"<p>Seit 1999 sind wir f\u00fcr euch da Gegr\u00fcndet 1999 mit der Intention einen sch\u00f6nen Sommer zu haben. About Schon in meiner Kindheit in den Neunzigern bin ich auf simplen Stahl Mountainbikes den Reinickendorfer Forst in Berlin\u201cauf- und abgefahren\u201c. Die Liebe zum Sport hat mit der Gr\u00fcndung meines Shops auf Mallorca 1999 das Fundaments zum neuen [&hellip;]<\/p>\n","protected":false},"author":1,"featured_media":0,"parent":0,"menu_order":0,"comment_status":"closed","ping_status":"closed","template":"elementor_header_footer","meta":{"footnotes":""},"class_list":["post-86","page","type-page","status-publish","hentry"],"yoast_head":"<!-- This site is optimized with the Yoast SEO plugin v27.4 - https:\/\/yoast.com\/product\/yoast-seo-wordpress\/ -->\n<title>About - Bike Center Mallorca<\/title>\n<meta name=\"robots\" content=\"index, follow, max-snippet:-1, max-image-preview:large, max-video-preview:-1\" \/>\n<link rel=\"canonical\" href=\"https:\/\/mallorca.twofinewheels.com\/it\/about\/\" \/>\n<meta property=\"og:locale\" content=\"it_IT\" \/>\n<meta property=\"og:type\" content=\"article\" \/>\n<meta property=\"og:title\" content=\"About - Bike Center Mallorca\" \/>\n<meta property=\"og:description\" content=\"Seit 1999 sind wir f\u00fcr euch da Gegr\u00fcndet 1999 mit der Intention einen sch\u00f6nen Sommer zu haben. About Schon in meiner Kindheit in den Neunzigern bin ich auf simplen Stahl Mountainbikes den Reinickendorfer Forst in Berlin\u201cauf- und abgefahren\u201c. Die Liebe zum Sport hat mit der Gr\u00fcndung meines Shops auf Mallorca 1999 das Fundaments zum neuen [&hellip;]\" \/>\n<meta property=\"og:url\" content=\"https:\/\/mallorca.twofinewheels.com\/it\/about\/\" \/>\n<meta property=\"og:site_name\" content=\"Bike Center Mallorca\" \/>\n<meta property=\"article:modified_time\" content=\"2024-12-16T16:01:28+00:00\" \/>\n<meta property=\"og:image\" content=\"https:\/\/mallorca.twofinewheels.com\/wp-content\/uploads\/2024\/12\/About.jpg\" \/>\n\t<meta property=\"og:image:width\" content=\"400\" \/>\n\t<meta property=\"og:image:height\" content=\"380\" \/>\n\t<meta property=\"og:image:type\" content=\"image\/jpeg\" \/>\n<meta name=\"twitter:card\" content=\"summary_large_image\" \/>\n<meta name=\"twitter:label1\" content=\"Tempo di lettura stimato\" \/>\n\t<meta name=\"twitter:data1\" content=\"1 minuto\" \/>\n<script type=\"application\/ld+json\" class=\"yoast-schema-graph\">{\"@context\":\"https:\\\/\\\/schema.org\",\"@graph\":[{\"@type\":\"WebPage\",\"@id\":\"https:\\\/\\\/mallorca.twofinewheels.com\\\/about\\\/\",\"url\":\"https:\\\/\\\/mallorca.twofinewheels.com\\\/about\\\/\",\"name\":\"About - Bike Center Mallorca\",\"isPartOf\":{\"@id\":\"https:\\\/\\\/mallorca.twofinewheels.com\\\/en\\\/#website\"},\"primaryImageOfPage\":{\"@id\":\"https:\\\/\\\/mallorca.twofinewheels.com\\\/about\\\/#primaryimage\"},\"image\":{\"@id\":\"https:\\\/\\\/mallorca.twofinewheels.com\\\/about\\\/#primaryimage\"},\"thumbnailUrl\":\"http:\\\/\\\/mallorca.twofinewheels.com\\\/wp-content\\\/uploads\\\/2024\\\/12\\\/tfw_fabian_runge_mallorca312_roadbike_mallorca-1024x683.jpg\",\"datePublished\":\"2024-12-15T16:46:55+00:00\",\"dateModified\":\"2024-12-16T16:01:28+00:00\",\"breadcrumb\":{\"@id\":\"https:\\\/\\\/mallorca.twofinewheels.com\\\/about\\\/#breadcrumb\"},\"inLanguage\":\"it-IT\",\"potentialAction\":[{\"@type\":\"ReadAction\",\"target\":[\"https:\\\/\\\/mallorca.twofinewheels.com\\\/about\\\/\"]}]},{\"@type\":\"ImageObject\",\"inLanguage\":\"it-IT\",\"@id\":\"https:\\\/\\\/mallorca.twofinewheels.com\\\/about\\\/#primaryimage\",\"url\":\"http:\\\/\\\/mallorca.twofinewheels.com\\\/wp-content\\\/uploads\\\/2024\\\/12\\\/tfw_fabian_runge_mallorca312_roadbike_mallorca-1024x683.jpg\",\"contentUrl\":\"http:\\\/\\\/mallorca.twofinewheels.com\\\/wp-content\\\/uploads\\\/2024\\\/12\\\/tfw_fabian_runge_mallorca312_roadbike_mallorca-1024x683.jpg\"},{\"@type\":\"BreadcrumbList\",\"@id\":\"https:\\\/\\\/mallorca.twofinewheels.com\\\/about\\\/#breadcrumb\",\"itemListElement\":[{\"@type\":\"ListItem\",\"position\":1,\"name\":\"Startseite\",\"item\":\"https:\\\/\\\/mallorca.twofinewheels.com\\\/\"},{\"@type\":\"ListItem\",\"position\":2,\"name\":\"About\"}]},{\"@type\":\"WebSite\",\"@id\":\"https:\\\/\\\/mallorca.twofinewheels.com\\\/en\\\/#website\",\"url\":\"https:\\\/\\\/mallorca.twofinewheels.com\\\/en\\\/\",\"name\":\"Bike Center Mallorca\",\"description\":\"Bikecenter on Mallorca since 1999\",\"publisher\":{\"@id\":\"https:\\\/\\\/mallorca.twofinewheels.com\\\/en\\\/#organization\"},\"potentialAction\":[{\"@type\":\"SearchAction\",\"target\":{\"@type\":\"EntryPoint\",\"urlTemplate\":\"https:\\\/\\\/mallorca.twofinewheels.com\\\/en\\\/?s={search_term_string}\"},\"query-input\":{\"@type\":\"PropertyValueSpecification\",\"valueRequired\":true,\"valueName\":\"search_term_string\"}}],\"inLanguage\":\"it-IT\"},{\"@type\":\"Organization\",\"@id\":\"https:\\\/\\\/mallorca.twofinewheels.com\\\/en\\\/#organization\",\"name\":\"Two Fine Wheels Mallorca\",\"url\":\"https:\\\/\\\/mallorca.twofinewheels.com\\\/en\\\/\",\"logo\":{\"@type\":\"ImageObject\",\"inLanguage\":\"it-IT\",\"@id\":\"https:\\\/\\\/mallorca.twofinewheels.com\\\/en\\\/#\\\/schema\\\/logo\\\/image\\\/\",\"url\":\"https:\\\/\\\/mallorca.twofinewheels.com\\\/wp-content\\\/uploads\\\/2024\\\/12\\\/logotwofinewheels_small.jpg\",\"contentUrl\":\"https:\\\/\\\/mallorca.twofinewheels.com\\\/wp-content\\\/uploads\\\/2024\\\/12\\\/logotwofinewheels_small.jpg\",\"width\":150,\"height\":147,\"caption\":\"Two Fine Wheels Mallorca\"},\"image\":{\"@id\":\"https:\\\/\\\/mallorca.twofinewheels.com\\\/en\\\/#\\\/schema\\\/logo\\\/image\\\/\"},\"sameAs\":[\"https:\\\/\\\/www.instagram.com\\\/twofinewheels_berlin\\\/\",\"https:\\\/\\\/www.instagram.com\\\/twofinewheels_mallorca\\\/\"]}]}<\/script>\n<!-- \/ Yoast SEO plugin. -->","yoast_head_json":{"title":"About - Bike Center Mallorca","robots":{"index":"index","follow":"follow","max-snippet":"max-snippet:-1","max-image-preview":"max-image-preview:large","max-video-preview":"max-video-preview:-1"},"canonical":"https:\/\/mallorca.twofinewheels.com\/it\/about\/","og_locale":"it_IT","og_type":"article","og_title":"About - Bike Center Mallorca","og_description":"Seit 1999 sind wir f\u00fcr euch da Gegr\u00fcndet 1999 mit der Intention einen sch\u00f6nen Sommer zu haben. About Schon in meiner Kindheit in den Neunzigern bin ich auf simplen Stahl Mountainbikes den Reinickendorfer Forst in Berlin\u201cauf- und abgefahren\u201c. Die Liebe zum Sport hat mit der Gr\u00fcndung meines Shops auf Mallorca 1999 das Fundaments zum neuen [&hellip;]","og_url":"https:\/\/mallorca.twofinewheels.com\/it\/about\/","og_site_name":"Bike Center Mallorca","article_modified_time":"2024-12-16T16:01:28+00:00","og_image":[{"width":400,"height":380,"url":"https:\/\/mallorca.twofinewheels.com\/wp-content\/uploads\/2024\/12\/About.jpg","type":"image\/jpeg"}],"twitter_card":"summary_large_image","twitter_misc":{"Tempo di lettura stimato":"1 minuto"},"schema":{"@context":"https:\/\/schema.org","@graph":[{"@type":"WebPage","@id":"https:\/\/mallorca.twofinewheels.com\/about\/","url":"https:\/\/mallorca.twofinewheels.com\/about\/","name":"About - Bike Center Mallorca","isPartOf":{"@id":"https:\/\/mallorca.twofinewheels.com\/en\/#website"},"primaryImageOfPage":{"@id":"https:\/\/mallorca.twofinewheels.com\/about\/#primaryimage"},"image":{"@id":"https:\/\/mallorca.twofinewheels.com\/about\/#primaryimage"},"thumbnailUrl":"http:\/\/mallorca.twofinewheels.com\/wp-content\/uploads\/2024\/12\/tfw_fabian_runge_mallorca312_roadbike_mallorca-1024x683.jpg","datePublished":"2024-12-15T16:46:55+00:00","dateModified":"2024-12-16T16:01:28+00:00","breadcrumb":{"@id":"https:\/\/mallorca.twofinewheels.com\/about\/#breadcrumb"},"inLanguage":"it-IT","potentialAction":[{"@type":"ReadAction","target":["https:\/\/mallorca.twofinewheels.com\/about\/"]}]},{"@type":"ImageObject","inLanguage":"it-IT","@id":"https:\/\/mallorca.twofinewheels.com\/about\/#primaryimage","url":"http:\/\/mallorca.twofinewheels.com\/wp-content\/uploads\/2024\/12\/tfw_fabian_runge_mallorca312_roadbike_mallorca-1024x683.jpg","contentUrl":"http:\/\/mallorca.twofinewheels.com\/wp-content\/uploads\/2024\/12\/tfw_fabian_runge_mallorca312_roadbike_mallorca-1024x683.jpg"},{"@type":"BreadcrumbList","@id":"https:\/\/mallorca.twofinewheels.com\/about\/#breadcrumb","itemListElement":[{"@type":"ListItem","position":1,"name":"Startseite","item":"https:\/\/mallorca.twofinewheels.com\/"},{"@type":"ListItem","position":2,"name":"About"}]},{"@type":"WebSite","@id":"https:\/\/mallorca.twofinewheels.com\/en\/#website","url":"https:\/\/mallorca.twofinewheels.com\/en\/","name":"Centro ciclistico di Maiorca","description":"Centro biciclette a Maiorca dal 1999","publisher":{"@id":"https:\/\/mallorca.twofinewheels.com\/en\/#organization"},"potentialAction":[{"@type":"SearchAction","target":{"@type":"EntryPoint","urlTemplate":"https:\/\/mallorca.twofinewheels.com\/en\/?s={search_term_string}"},"query-input":{"@type":"PropertyValueSpecification","valueRequired":true,"valueName":"search_term_string"}}],"inLanguage":"it-IT"},{"@type":"Organization","@id":"https:\/\/mallorca.twofinewheels.com\/en\/#organization","name":"Two Fine Wheels Maiorca","url":"https:\/\/mallorca.twofinewheels.com\/en\/","logo":{"@type":"ImageObject","inLanguage":"it-IT","@id":"https:\/\/mallorca.twofinewheels.com\/en\/#\/schema\/logo\/image\/","url":"https:\/\/mallorca.twofinewheels.com\/wp-content\/uploads\/2024\/12\/logotwofinewheels_small.jpg","contentUrl":"https:\/\/mallorca.twofinewheels.com\/wp-content\/uploads\/2024\/12\/logotwofinewheels_small.jpg","width":150,"height":147,"caption":"Two Fine Wheels Mallorca"},"image":{"@id":"https:\/\/mallorca.twofinewheels.com\/en\/#\/schema\/logo\/image\/"},"sameAs":["https:\/\/www.instagram.com\/twofinewheels_berlin\/","https:\/\/www.instagram.com\/twofinewheels_mallorca\/"]}]}},"_links":{"self":[{"href":"https:\/\/mallorca.twofinewheels.com\/it\/wp-json\/wp\/v2\/pages\/86","targetHints":{"allow":["GET"]}}],"collection":[{"href":"https:\/\/mallorca.twofinewheels.com\/it\/wp-json\/wp\/v2\/pages"}],"about":[{"href":"https:\/\/mallorca.twofinewheels.com\/it\/wp-json\/wp\/v2\/types\/page"}],"author":[{"embeddable":true,"href":"https:\/\/mallorca.twofinewheels.com\/it\/wp-json\/wp\/v2\/users\/1"}],"replies":[{"embeddable":true,"href":"https:\/\/mallorca.twofinewheels.com\/it\/wp-json\/wp\/v2\/comments?post=86"}],"version-history":[{"count":13,"href":"https:\/\/mallorca.twofinewheels.com\/it\/wp-json\/wp\/v2\/pages\/86\/revisions"}],"predecessor-version":[{"id":290,"href":"https:\/\/mallorca.twofinewheels.com\/it\/wp-json\/wp\/v2\/pages\/86\/revisions\/290"}],"wp:attachment":[{"href":"https:\/\/mallorca.twofinewheels.com\/it\/wp-json\/wp\/v2\/media?parent=86"}],"curies":[{"name":"wp","href":"https:\/\/api.w.org\/{rel}","templated":true}]}}