{"id":379,"date":"2024-12-29T15:48:16","date_gmt":"2024-12-29T15:48:16","guid":{"rendered":"https:\/\/mallorca.twofinewheels.com\/?page_id=379"},"modified":"2024-12-29T16:00:19","modified_gmt":"2024-12-29T16:00:19","slug":"imprint","status":"publish","type":"page","link":"https:\/\/mallorca.twofinewheels.com\/it\/imprint\/","title":{"rendered":"Impronta"},"content":{"rendered":"<div data-elementor-type=\"wp-page\" data-elementor-id=\"379\" class=\"elementor elementor-379\" data-elementor-post-type=\"page\">\n\t\t\t\t<div class=\"elementor-element elementor-element-b21f10b e-flex e-con-boxed e-con e-parent\" data-id=\"b21f10b\" data-element_type=\"container\" data-e-type=\"container\">\n\t\t\t\t\t<div class=\"e-con-inner\">\n\t\t\t\t<div class=\"elementor-element elementor-element-89fabc3 elementor-widget elementor-widget-text-editor\" data-id=\"89fabc3\" data-element_type=\"widget\" data-e-type=\"widget\" data-widget_type=\"text-editor.default\">\n\t\t\t\t<div class=\"elementor-widget-container\">\n\t\t\t\t\t\t\t\t\t<p><b>NOTA LEGALE<\/b><\/p><p>Informazioni LSSI (della Legge sui servizi della societ\u00e0 dell'informazione e del commercio elettronico)<\/p><p>Questo sito web \u00e8 di propriet\u00e0 di TwoFineWheels, proprietario e amministratore delegato Fabian Runge, con sede legale in Avda Benvinguts 2-3, 07660 Cala d'Or, Mallorca e codice fiscale X2912753X.<br \/>Oltre alla sede centrale dell'azienda, per richieste, domande o reclami \u00e8 a disposizione degli utenti il seguente indirizzo e-mail: info@twofinewheels.com<\/p>\t\t\t\t\t\t\t\t<\/div>\n\t\t\t\t<\/div>\n\t\t\t\t\t<\/div>\n\t\t\t\t<\/div>\n\t\t\t\t<\/div>","protected":false},"excerpt":{"rendered":"<p>AVVISO LEGALE Informazioni LSSI (della Legge sui Servizi della Societ\u00e0 dell'Informazione e del Commercio Elettronico) Questo sito web \u00e8 di propriet\u00e0 di TwoFineWheels, proprietario e gestore Fabian Runge, con sede legale in Avda Benvinguts 2-3, 07660 Cala d'Or, Mallorca e codice fiscale X2912753X. Oltre alla sede legale, il seguente indirizzo e-mail \u00e8 a disposizione degli utenti per richieste, domande o reclami: info@twofinewheels.com<\/p>","protected":false},"author":1,"featured_media":0,"parent":0,"menu_order":0,"comment_status":"closed","ping_status":"closed","template":"","meta":{"footnotes":""},"class_list":["post-379","page","type-page","status-publish","hentry"],"yoast_head":"<!-- This site is optimized with the Yoast SEO plugin v27.4 - https:\/\/yoast.com\/product\/yoast-seo-wordpress\/ -->\n<title>Imprint - Bike Center Mallorca<\/title>\n<meta name=\"robots\" content=\"index, follow, max-snippet:-1, max-image-preview:large, max-video-preview:-1\" \/>\n<link rel=\"canonical\" href=\"https:\/\/mallorca.twofinewheels.com\/it\/imprint\/\" \/>\n<meta property=\"og:locale\" content=\"it_IT\" \/>\n<meta property=\"og:type\" content=\"article\" \/>\n<meta property=\"og:title\" content=\"Imprint - Bike Center Mallorca\" \/>\n<meta property=\"og:description\" content=\"GESETZLICHE ANMERKUNG Information LSSI (des Gesetzes \u00fcber Leistungen der Informations- und E-Commerce-Gesellschaft) Diese Website ist Eigentum von TwoFineWheels, Inhaber und Gesch\u00e4ftsf\u00fchrer Fabian Runge, mit Firmensitz in Avda Benvinguts 2-3, 07660 Cala d\u2019Or, Mallorca und Steuer -Id Nr. X2912753X-Zus\u00e4tzlich zum Firmensitz steht den Benutzern folgende E-Mail-Adresse f\u00fcr Antr\u00e4ge, Anfragen oder Reklamationen zur Verf\u00fcgung: info@twofinewheels.com\" \/>\n<meta property=\"og:url\" content=\"https:\/\/mallorca.twofinewheels.com\/it\/imprint\/\" \/>\n<meta property=\"og:site_name\" content=\"Bike Center Mallorca\" \/>\n<meta property=\"article:modified_time\" content=\"2024-12-29T16:00:19+00:00\" \/>\n<meta name=\"twitter:card\" content=\"summary_large_image\" \/>\n<script type=\"application\/ld+json\" class=\"yoast-schema-graph\">{\"@context\":\"https:\\\/\\\/schema.org\",\"@graph\":[{\"@type\":\"WebPage\",\"@id\":\"https:\\\/\\\/mallorca.twofinewheels.com\\\/imprint\\\/\",\"url\":\"https:\\\/\\\/mallorca.twofinewheels.com\\\/imprint\\\/\",\"name\":\"Imprint - Bike Center Mallorca\",\"isPartOf\":{\"@id\":\"https:\\\/\\\/mallorca.twofinewheels.com\\\/en\\\/#website\"},\"datePublished\":\"2024-12-29T15:48:16+00:00\",\"dateModified\":\"2024-12-29T16:00:19+00:00\",\"breadcrumb\":{\"@id\":\"https:\\\/\\\/mallorca.twofinewheels.com\\\/imprint\\\/#breadcrumb\"},\"inLanguage\":\"it-IT\",\"potentialAction\":[{\"@type\":\"ReadAction\",\"target\":[\"https:\\\/\\\/mallorca.twofinewheels.com\\\/imprint\\\/\"]}]},{\"@type\":\"BreadcrumbList\",\"@id\":\"https:\\\/\\\/mallorca.twofinewheels.com\\\/imprint\\\/#breadcrumb\",\"itemListElement\":[{\"@type\":\"ListItem\",\"position\":1,\"name\":\"Startseite\",\"item\":\"https:\\\/\\\/mallorca.twofinewheels.com\\\/\"},{\"@type\":\"ListItem\",\"position\":2,\"name\":\"Imprint\"}]},{\"@type\":\"WebSite\",\"@id\":\"https:\\\/\\\/mallorca.twofinewheels.com\\\/en\\\/#website\",\"url\":\"https:\\\/\\\/mallorca.twofinewheels.com\\\/en\\\/\",\"name\":\"Bike Center Mallorca\",\"description\":\"Bikecenter on Mallorca since 1999\",\"publisher\":{\"@id\":\"https:\\\/\\\/mallorca.twofinewheels.com\\\/en\\\/#organization\"},\"potentialAction\":[{\"@type\":\"SearchAction\",\"target\":{\"@type\":\"EntryPoint\",\"urlTemplate\":\"https:\\\/\\\/mallorca.twofinewheels.com\\\/en\\\/?s={search_term_string}\"},\"query-input\":{\"@type\":\"PropertyValueSpecification\",\"valueRequired\":true,\"valueName\":\"search_term_string\"}}],\"inLanguage\":\"it-IT\"},{\"@type\":\"Organization\",\"@id\":\"https:\\\/\\\/mallorca.twofinewheels.com\\\/en\\\/#organization\",\"name\":\"Two Fine Wheels Mallorca\",\"url\":\"https:\\\/\\\/mallorca.twofinewheels.com\\\/en\\\/\",\"logo\":{\"@type\":\"ImageObject\",\"inLanguage\":\"it-IT\",\"@id\":\"https:\\\/\\\/mallorca.twofinewheels.com\\\/en\\\/#\\\/schema\\\/logo\\\/image\\\/\",\"url\":\"https:\\\/\\\/mallorca.twofinewheels.com\\\/wp-content\\\/uploads\\\/2024\\\/12\\\/logotwofinewheels_small.jpg\",\"contentUrl\":\"https:\\\/\\\/mallorca.twofinewheels.com\\\/wp-content\\\/uploads\\\/2024\\\/12\\\/logotwofinewheels_small.jpg\",\"width\":150,\"height\":147,\"caption\":\"Two Fine Wheels Mallorca\"},\"image\":{\"@id\":\"https:\\\/\\\/mallorca.twofinewheels.com\\\/en\\\/#\\\/schema\\\/logo\\\/image\\\/\"},\"sameAs\":[\"https:\\\/\\\/www.instagram.com\\\/twofinewheels_berlin\\\/\",\"https:\\\/\\\/www.instagram.com\\\/twofinewheels_mallorca\\\/\"]}]}<\/script>\n<!-- \/ Yoast SEO plugin. -->","yoast_head_json":{"title":"Imprint - Bike Center Mallorca","robots":{"index":"index","follow":"follow","max-snippet":"max-snippet:-1","max-image-preview":"max-image-preview:large","max-video-preview":"max-video-preview:-1"},"canonical":"https:\/\/mallorca.twofinewheels.com\/it\/imprint\/","og_locale":"it_IT","og_type":"article","og_title":"Imprint - Bike Center Mallorca","og_description":"GESETZLICHE ANMERKUNG Information LSSI (des Gesetzes \u00fcber Leistungen der Informations- und E-Commerce-Gesellschaft) Diese Website ist Eigentum von TwoFineWheels, Inhaber und Gesch\u00e4ftsf\u00fchrer Fabian Runge, mit Firmensitz in Avda Benvinguts 2-3, 07660 Cala d\u2019Or, Mallorca und Steuer -Id Nr. X2912753X-Zus\u00e4tzlich zum Firmensitz steht den Benutzern folgende E-Mail-Adresse f\u00fcr Antr\u00e4ge, Anfragen oder Reklamationen zur Verf\u00fcgung: info@twofinewheels.com","og_url":"https:\/\/mallorca.twofinewheels.com\/it\/imprint\/","og_site_name":"Bike Center Mallorca","article_modified_time":"2024-12-29T16:00:19+00:00","twitter_card":"summary_large_image","schema":{"@context":"https:\/\/schema.org","@graph":[{"@type":"WebPage","@id":"https:\/\/mallorca.twofinewheels.com\/imprint\/","url":"https:\/\/mallorca.twofinewheels.com\/imprint\/","name":"Imprint - Bike Center Mallorca","isPartOf":{"@id":"https:\/\/mallorca.twofinewheels.com\/en\/#website"},"datePublished":"2024-12-29T15:48:16+00:00","dateModified":"2024-12-29T16:00:19+00:00","breadcrumb":{"@id":"https:\/\/mallorca.twofinewheels.com\/imprint\/#breadcrumb"},"inLanguage":"it-IT","potentialAction":[{"@type":"ReadAction","target":["https:\/\/mallorca.twofinewheels.com\/imprint\/"]}]},{"@type":"BreadcrumbList","@id":"https:\/\/mallorca.twofinewheels.com\/imprint\/#breadcrumb","itemListElement":[{"@type":"ListItem","position":1,"name":"Startseite","item":"https:\/\/mallorca.twofinewheels.com\/"},{"@type":"ListItem","position":2,"name":"Imprint"}]},{"@type":"WebSite","@id":"https:\/\/mallorca.twofinewheels.com\/en\/#website","url":"https:\/\/mallorca.twofinewheels.com\/en\/","name":"Centro ciclistico di Maiorca","description":"Centro biciclette a Maiorca dal 1999","publisher":{"@id":"https:\/\/mallorca.twofinewheels.com\/en\/#organization"},"potentialAction":[{"@type":"SearchAction","target":{"@type":"EntryPoint","urlTemplate":"https:\/\/mallorca.twofinewheels.com\/en\/?s={search_term_string}"},"query-input":{"@type":"PropertyValueSpecification","valueRequired":true,"valueName":"search_term_string"}}],"inLanguage":"it-IT"},{"@type":"Organization","@id":"https:\/\/mallorca.twofinewheels.com\/en\/#organization","name":"Two Fine Wheels Maiorca","url":"https:\/\/mallorca.twofinewheels.com\/en\/","logo":{"@type":"ImageObject","inLanguage":"it-IT","@id":"https:\/\/mallorca.twofinewheels.com\/en\/#\/schema\/logo\/image\/","url":"https:\/\/mallorca.twofinewheels.com\/wp-content\/uploads\/2024\/12\/logotwofinewheels_small.jpg","contentUrl":"https:\/\/mallorca.twofinewheels.com\/wp-content\/uploads\/2024\/12\/logotwofinewheels_small.jpg","width":150,"height":147,"caption":"Two Fine Wheels Mallorca"},"image":{"@id":"https:\/\/mallorca.twofinewheels.com\/en\/#\/schema\/logo\/image\/"},"sameAs":["https:\/\/www.instagram.com\/twofinewheels_berlin\/","https:\/\/www.instagram.com\/twofinewheels_mallorca\/"]}]}},"_links":{"self":[{"href":"https:\/\/mallorca.twofinewheels.com\/it\/wp-json\/wp\/v2\/pages\/379","targetHints":{"allow":["GET"]}}],"collection":[{"href":"https:\/\/mallorca.twofinewheels.com\/it\/wp-json\/wp\/v2\/pages"}],"about":[{"href":"https:\/\/mallorca.twofinewheels.com\/it\/wp-json\/wp\/v2\/types\/page"}],"author":[{"embeddable":true,"href":"https:\/\/mallorca.twofinewheels.com\/it\/wp-json\/wp\/v2\/users\/1"}],"replies":[{"embeddable":true,"href":"https:\/\/mallorca.twofinewheels.com\/it\/wp-json\/wp\/v2\/comments?post=379"}],"version-history":[{"count":7,"href":"https:\/\/mallorca.twofinewheels.com\/it\/wp-json\/wp\/v2\/pages\/379\/revisions"}],"predecessor-version":[{"id":395,"href":"https:\/\/mallorca.twofinewheels.com\/it\/wp-json\/wp\/v2\/pages\/379\/revisions\/395"}],"wp:attachment":[{"href":"https:\/\/mallorca.twofinewheels.com\/it\/wp-json\/wp\/v2\/media?parent=379"}],"curies":[{"name":"wp","href":"https:\/\/api.w.org\/{rel}","templated":true}]}}