{"id":319,"date":"2024-12-16T20:26:07","date_gmt":"2024-12-16T20:26:07","guid":{"rendered":"https:\/\/mallorca.twofinewheels.com\/?page_id=319"},"modified":"2024-12-29T15:58:34","modified_gmt":"2024-12-29T15:58:34","slug":"privacy-policy-and-legal-stuff","status":"publish","type":"page","link":"https:\/\/mallorca.twofinewheels.com\/it\/privacy-policy-and-legal-stuff\/","title":{"rendered":"Informativa sulla privacy e questioni legali"},"content":{"rendered":"<div data-elementor-type=\"wp-page\" data-elementor-id=\"319\" class=\"elementor elementor-319\" data-elementor-post-type=\"page\">\n\t\t\t\t<div class=\"elementor-element elementor-element-c35c301 e-flex e-con-boxed e-con e-parent\" data-id=\"c35c301\" data-element_type=\"container\" data-e-type=\"container\">\n\t\t\t\t\t<div class=\"e-con-inner\">\n\t\t\t\t<div class=\"elementor-element elementor-element-a222a18 elementor-widget elementor-widget-text-editor\" data-id=\"a222a18\" data-element_type=\"widget\" data-e-type=\"widget\" data-widget_type=\"text-editor.default\">\n\t\t\t\t<div class=\"elementor-widget-container\">\n\t\t\t\t\t\t\t\t\t<p><strong>PROTEZIONE DEI DATI<\/strong><\/p><p><strong>Trattamento dei dati nella sezione \"Contatti<\/strong><\/p><p>In conformit\u00e0 alle disposizioni sulla protezione dei dati personali, l'utente autorizza l'inserimento dei dati personali ottenuti tramite i cookie in un file denominato CONTATTI. Questo file \u00e8 sotto la responsabilit\u00e0 di\u00a0<span style=\"color: var( --e-global-color-text ); font-family: var( --e-global-typography-text-font-family ), Sans-serif; font-size: var( --e-global-typography-text-font-size ); font-style: var( --e-global-typography-text-font-style ); font-weight: var( --e-global-typography-text-font-weight ); text-transform: var( --e-global-typography-text-text-transform ); text-align: var(--text-align); background-color: var( --e-global-color-5ba0249 );\">Due ruote sottili<\/span><span style=\"color: var( --e-global-color-text ); font-family: var( --e-global-typography-text-font-family ), Sans-serif; font-size: var( --e-global-typography-text-font-size ); font-style: var( --e-global-typography-text-font-style ); font-weight: var( --e-global-typography-text-font-weight ); text-transform: var( --e-global-typography-text-text-transform ); text-align: var(--text-align); background-color: var( --e-global-color-5ba0249 );\">proprietario e amministratore delegato Fabian Runge, con sede legale in Avda Benvinguts, 2-3, 07660 Cala d'Or, Mallorca e codice fiscale X2912753X-.<\/span><\/p><p>Lo scopo di questo trattamento \u00e8 gestire i contatti, rispondere alle richieste e inviare informazioni sui nostri servizi. Questi dati non saranno ceduti a terzi e saranno conservati a condizione che ci\u00f2 sia necessario o legittimo per lo scopo per cui sono stati raccolti.<\/p><p><strong>Trattamento dei dati nella sezione prenotazioni<\/strong><\/p><p>In conformit\u00e0 alle disposizioni in materia di protezione dei dati personali, l'utente autorizza l'inserimento dei dati personali ottenuti tramite cookie in un file denominato PRENOTAZIONI. Questo file \u00e8 sotto la responsabilit\u00e0 di\u00a0<span style=\"color: var( --e-global-color-text ); font-family: var( --e-global-typography-text-font-family ), Sans-serif; font-size: var( --e-global-typography-text-font-size ); font-style: var( --e-global-typography-text-font-style ); font-weight: var( --e-global-typography-text-font-weight ); text-transform: var( --e-global-typography-text-text-transform ); text-align: var(--text-align); background-color: var( --e-global-color-5ba0249 );\">Due ruote sottili<\/span><span style=\"color: var( --e-global-color-text ); font-family: var( --e-global-typography-text-font-family ), Sans-serif; font-size: var( --e-global-typography-text-font-size ); font-style: var( --e-global-typography-text-font-style ); font-weight: var( --e-global-typography-text-font-weight ); text-transform: var( --e-global-typography-text-text-transform ); text-align: var(--text-align); background-color: var( --e-global-color-5ba0249 );\">proprietario e amministratore delegato Fabian Runge, con sede a\u00a0<\/span><span style=\"color: var( --e-global-color-text ); font-family: var( --e-global-typography-text-font-family ), Sans-serif; font-size: var( --e-global-typography-text-font-size ); font-style: var( --e-global-typography-text-font-style ); font-weight: var( --e-global-typography-text-font-weight ); text-transform: var( --e-global-typography-text-text-transform ); text-align: var(--text-align); background-color: var( --e-global-color-5ba0249 );\">Avda Benvinguts, 2-3<\/span><span style=\"color: var( --e-global-color-text ); font-family: var( --e-global-typography-text-font-family ), Sans-serif; font-size: var( --e-global-typography-text-font-size ); font-style: var( --e-global-typography-text-font-style ); font-weight: var( --e-global-typography-text-font-weight ); text-transform: var( --e-global-typography-text-text-transform ); text-align: var(--text-align); background-color: var( --e-global-color-5ba0249 );\">, 07660 Cala d'Or, Mallorca e Codice Fiscale X2912753X-.<\/span><\/p><p>Lo scopo di questo trattamento \u00e8 quello di gestire le prenotazioni ricevute e le relative formalit\u00e0, nonch\u00e9 di rispondere alle richieste pervenute. Tali dati non saranno ceduti a terzi e saranno conservati a condizione che ci\u00f2 sia necessario o legittimo per lo scopo per cui sono stati raccolti.<\/p><p><strong>Trattamento dei dati nella sezione Newsletter<\/strong><\/p><p>In conformit\u00e0 alle disposizioni sulla protezione dei dati personali, l'utente autorizza l'inserimento dei dati personali ottenuti tramite i cookie in un file denominato CONTATTI. Questo file \u00e8 sotto la responsabilit\u00e0 di\u00a0<span style=\"color: var( --e-global-color-text ); font-family: var( --e-global-typography-text-font-family ), Sans-serif; font-size: var( --e-global-typography-text-font-size ); font-style: var( --e-global-typography-text-font-style ); font-weight: var( --e-global-typography-text-font-weight ); text-transform: var( --e-global-typography-text-text-transform ); text-align: var(--text-align); background-color: var( --e-global-color-5ba0249 );\">Due ruote sottili<\/span><span style=\"color: var( --e-global-color-text ); font-family: var( --e-global-typography-text-font-family ), Sans-serif; font-size: var( --e-global-typography-text-font-size ); font-style: var( --e-global-typography-text-font-style ); font-weight: var( --e-global-typography-text-font-weight ); text-transform: var( --e-global-typography-text-text-transform ); text-align: var(--text-align); background-color: var( --e-global-color-5ba0249 );\">proprietario e amministratore delegato Fabian Runge, con sede a\u00a0<\/span><span style=\"color: var( --e-global-color-text ); font-family: var( --e-global-typography-text-font-family ), Sans-serif; font-size: var( --e-global-typography-text-font-size ); font-style: var( --e-global-typography-text-font-style ); font-weight: var( --e-global-typography-text-font-weight ); text-transform: var( --e-global-typography-text-text-transform ); text-align: var(--text-align); background-color: var( --e-global-color-5ba0249 );\">Avda Benvinguts, 2-3<\/span><span style=\"color: var( --e-global-color-text ); font-family: var( --e-global-typography-text-font-family ), Sans-serif; font-size: var( --e-global-typography-text-font-size ); font-style: var( --e-global-typography-text-font-style ); font-weight: var( --e-global-typography-text-font-weight ); text-transform: var( --e-global-typography-text-text-transform ); text-align: var(--text-align); background-color: var( --e-global-color-5ba0249 );\">, 07660 Cala d'Or, Mallorca e Codice Fiscale X2912753X-.<\/span><\/p><p>Lo scopo di questo trattamento \u00e8 comunicare con i referenti e gestire i loro dati. Tali dati non saranno ceduti a terzi e saranno conservati, a condizione che ci\u00f2 sia necessario o legittimo per lo scopo per cui sono stati raccolti.<br \/>In ogni caso, potete revocare il consenso prestato esercitando il vostro diritto di accesso, modifica, cancellazione o limitazione del trattamento dei dati o opponendovi ad esso. Ci\u00f2 vale anche per il diritto alla portabilit\u00e0 dei dati. In conformit\u00e0 a quanto sopra, potete anche revocare il consenso che avete dato per il trattamento dei dati.<\/p><p>Tali richieste devono essere inviate per iscritto al seguente indirizzo:  TwoFineWheels sede legale in\u00a0<span style=\"color: var( --e-global-color-text ); font-family: var( --e-global-typography-text-font-family ), Sans-serif; font-size: var( --e-global-typography-text-font-size ); font-style: var( --e-global-typography-text-font-style ); font-weight: var( --e-global-typography-text-font-weight ); text-transform: var( --e-global-typography-text-text-transform ); text-align: var(--text-align); background-color: var( --e-global-color-5ba0249 );\">Avda Benvinguts, 2-3<\/span><span style=\"color: var( --e-global-color-text ); font-family: var( --e-global-typography-text-font-family ), Sans-serif; font-size: var( --e-global-typography-text-font-size ); font-style: var( --e-global-typography-text-font-style ); font-weight: var( --e-global-typography-text-font-weight ); text-transform: var( --e-global-typography-text-text-transform ); text-align: var(--text-align); background-color: var( --e-global-color-5ba0249 );\">, 07660 Cala d'Or, Maiorca<\/span><\/p><p>o via e-mail al seguente indirizzo di posta elettronica: info@twofinewheels.com\u00a0<\/p><p>\u00a0<\/p>\t\t\t\t\t\t\t\t<\/div>\n\t\t\t\t<\/div>\n\t\t\t\t\t<\/div>\n\t\t\t\t<\/div>\n\t\t\t\t<\/div>","protected":false},"excerpt":{"rendered":"<p>DATENSCHUTZ Datenverarbeitung im Absatz \u201eKontakte\u201c Gem\u00e4\u00df den Bestimmungen zum Schutz personenbezogener Daten erlauben Sie hiermit, dass die durch Cookies erhaltenen personenbezogenen Daten in eine Datei mit dem Namen KONTAKTE aufgenommen werden. Diese Datei unterliegt der Verantwortung von von\u00a0TwoFineWheels, Inhaber und Gesch\u00e4ftsf\u00fchrer Fabian Runge, mit Firmensitz in Avda Benvinguts, 2-3, 07660 Cala d\u2019Or, Mallorca und Steuer [&hellip;]<\/p>\n","protected":false},"author":1,"featured_media":0,"parent":0,"menu_order":0,"comment_status":"closed","ping_status":"closed","template":"","meta":{"footnotes":""},"class_list":["post-319","page","type-page","status-publish","hentry"],"yoast_head":"<!-- This site is optimized with the Yoast SEO plugin v27.4 - https:\/\/yoast.com\/product\/yoast-seo-wordpress\/ -->\n<title>Privacy Policy and Legal Stuff - Bike Center Mallorca<\/title>\n<meta name=\"robots\" content=\"index, follow, max-snippet:-1, max-image-preview:large, max-video-preview:-1\" \/>\n<link rel=\"canonical\" href=\"https:\/\/mallorca.twofinewheels.com\/it\/privacy-policy-and-legal-stuff\/\" \/>\n<meta property=\"og:locale\" content=\"it_IT\" \/>\n<meta property=\"og:type\" content=\"article\" \/>\n<meta property=\"og:title\" content=\"Privacy Policy and Legal Stuff - Bike Center Mallorca\" \/>\n<meta property=\"og:description\" content=\"DATENSCHUTZ Datenverarbeitung im Absatz \u201eKontakte\u201c Gem\u00e4\u00df den Bestimmungen zum Schutz personenbezogener Daten erlauben Sie hiermit, dass die durch Cookies erhaltenen personenbezogenen Daten in eine Datei mit dem Namen KONTAKTE aufgenommen werden. Diese Datei unterliegt der Verantwortung von von\u00a0TwoFineWheels, Inhaber und Gesch\u00e4ftsf\u00fchrer Fabian Runge, mit Firmensitz in Avda Benvinguts, 2-3, 07660 Cala d\u2019Or, Mallorca und Steuer [&hellip;]\" \/>\n<meta property=\"og:url\" content=\"https:\/\/mallorca.twofinewheels.com\/it\/privacy-policy-and-legal-stuff\/\" \/>\n<meta property=\"og:site_name\" content=\"Bike Center Mallorca\" \/>\n<meta property=\"article:modified_time\" content=\"2024-12-29T15:58:34+00:00\" \/>\n<meta name=\"twitter:card\" content=\"summary_large_image\" \/>\n<meta name=\"twitter:label1\" content=\"Tempo di lettura stimato\" \/>\n\t<meta name=\"twitter:data1\" content=\"2 minuti\" \/>\n<script type=\"application\/ld+json\" class=\"yoast-schema-graph\">{\"@context\":\"https:\\\/\\\/schema.org\",\"@graph\":[{\"@type\":\"WebPage\",\"@id\":\"https:\\\/\\\/mallorca.twofinewheels.com\\\/privacy-policy-and-legal-stuff\\\/\",\"url\":\"https:\\\/\\\/mallorca.twofinewheels.com\\\/privacy-policy-and-legal-stuff\\\/\",\"name\":\"Privacy Policy and Legal Stuff - Bike Center Mallorca\",\"isPartOf\":{\"@id\":\"https:\\\/\\\/mallorca.twofinewheels.com\\\/en\\\/#website\"},\"datePublished\":\"2024-12-16T20:26:07+00:00\",\"dateModified\":\"2024-12-29T15:58:34+00:00\",\"breadcrumb\":{\"@id\":\"https:\\\/\\\/mallorca.twofinewheels.com\\\/privacy-policy-and-legal-stuff\\\/#breadcrumb\"},\"inLanguage\":\"it-IT\",\"potentialAction\":[{\"@type\":\"ReadAction\",\"target\":[\"https:\\\/\\\/mallorca.twofinewheels.com\\\/privacy-policy-and-legal-stuff\\\/\"]}]},{\"@type\":\"BreadcrumbList\",\"@id\":\"https:\\\/\\\/mallorca.twofinewheels.com\\\/privacy-policy-and-legal-stuff\\\/#breadcrumb\",\"itemListElement\":[{\"@type\":\"ListItem\",\"position\":1,\"name\":\"Startseite\",\"item\":\"https:\\\/\\\/mallorca.twofinewheels.com\\\/\"},{\"@type\":\"ListItem\",\"position\":2,\"name\":\"Privacy Policy and Legal Stuff\"}]},{\"@type\":\"WebSite\",\"@id\":\"https:\\\/\\\/mallorca.twofinewheels.com\\\/en\\\/#website\",\"url\":\"https:\\\/\\\/mallorca.twofinewheels.com\\\/en\\\/\",\"name\":\"Bike Center Mallorca\",\"description\":\"Bikecenter on Mallorca since 1999\",\"publisher\":{\"@id\":\"https:\\\/\\\/mallorca.twofinewheels.com\\\/en\\\/#organization\"},\"potentialAction\":[{\"@type\":\"SearchAction\",\"target\":{\"@type\":\"EntryPoint\",\"urlTemplate\":\"https:\\\/\\\/mallorca.twofinewheels.com\\\/en\\\/?s={search_term_string}\"},\"query-input\":{\"@type\":\"PropertyValueSpecification\",\"valueRequired\":true,\"valueName\":\"search_term_string\"}}],\"inLanguage\":\"it-IT\"},{\"@type\":\"Organization\",\"@id\":\"https:\\\/\\\/mallorca.twofinewheels.com\\\/en\\\/#organization\",\"name\":\"Two Fine Wheels Mallorca\",\"url\":\"https:\\\/\\\/mallorca.twofinewheels.com\\\/en\\\/\",\"logo\":{\"@type\":\"ImageObject\",\"inLanguage\":\"it-IT\",\"@id\":\"https:\\\/\\\/mallorca.twofinewheels.com\\\/en\\\/#\\\/schema\\\/logo\\\/image\\\/\",\"url\":\"https:\\\/\\\/mallorca.twofinewheels.com\\\/wp-content\\\/uploads\\\/2024\\\/12\\\/logotwofinewheels_small.jpg\",\"contentUrl\":\"https:\\\/\\\/mallorca.twofinewheels.com\\\/wp-content\\\/uploads\\\/2024\\\/12\\\/logotwofinewheels_small.jpg\",\"width\":150,\"height\":147,\"caption\":\"Two Fine Wheels Mallorca\"},\"image\":{\"@id\":\"https:\\\/\\\/mallorca.twofinewheels.com\\\/en\\\/#\\\/schema\\\/logo\\\/image\\\/\"},\"sameAs\":[\"https:\\\/\\\/www.instagram.com\\\/twofinewheels_berlin\\\/\",\"https:\\\/\\\/www.instagram.com\\\/twofinewheels_mallorca\\\/\"]}]}<\/script>\n<!-- \/ Yoast SEO plugin. -->","yoast_head_json":{"title":"Privacy Policy and Legal Stuff - Bike Center Mallorca","robots":{"index":"index","follow":"follow","max-snippet":"max-snippet:-1","max-image-preview":"max-image-preview:large","max-video-preview":"max-video-preview:-1"},"canonical":"https:\/\/mallorca.twofinewheels.com\/it\/privacy-policy-and-legal-stuff\/","og_locale":"it_IT","og_type":"article","og_title":"Privacy Policy and Legal Stuff - Bike Center Mallorca","og_description":"DATENSCHUTZ Datenverarbeitung im Absatz \u201eKontakte\u201c Gem\u00e4\u00df den Bestimmungen zum Schutz personenbezogener Daten erlauben Sie hiermit, dass die durch Cookies erhaltenen personenbezogenen Daten in eine Datei mit dem Namen KONTAKTE aufgenommen werden. Diese Datei unterliegt der Verantwortung von von\u00a0TwoFineWheels, Inhaber und Gesch\u00e4ftsf\u00fchrer Fabian Runge, mit Firmensitz in Avda Benvinguts, 2-3, 07660 Cala d\u2019Or, Mallorca und Steuer [&hellip;]","og_url":"https:\/\/mallorca.twofinewheels.com\/it\/privacy-policy-and-legal-stuff\/","og_site_name":"Bike Center Mallorca","article_modified_time":"2024-12-29T15:58:34+00:00","twitter_card":"summary_large_image","twitter_misc":{"Tempo di lettura stimato":"2 minuti"},"schema":{"@context":"https:\/\/schema.org","@graph":[{"@type":"WebPage","@id":"https:\/\/mallorca.twofinewheels.com\/privacy-policy-and-legal-stuff\/","url":"https:\/\/mallorca.twofinewheels.com\/privacy-policy-and-legal-stuff\/","name":"Privacy Policy and Legal Stuff - Bike Center Mallorca","isPartOf":{"@id":"https:\/\/mallorca.twofinewheels.com\/en\/#website"},"datePublished":"2024-12-16T20:26:07+00:00","dateModified":"2024-12-29T15:58:34+00:00","breadcrumb":{"@id":"https:\/\/mallorca.twofinewheels.com\/privacy-policy-and-legal-stuff\/#breadcrumb"},"inLanguage":"it-IT","potentialAction":[{"@type":"ReadAction","target":["https:\/\/mallorca.twofinewheels.com\/privacy-policy-and-legal-stuff\/"]}]},{"@type":"BreadcrumbList","@id":"https:\/\/mallorca.twofinewheels.com\/privacy-policy-and-legal-stuff\/#breadcrumb","itemListElement":[{"@type":"ListItem","position":1,"name":"Startseite","item":"https:\/\/mallorca.twofinewheels.com\/"},{"@type":"ListItem","position":2,"name":"Privacy Policy and Legal Stuff"}]},{"@type":"WebSite","@id":"https:\/\/mallorca.twofinewheels.com\/en\/#website","url":"https:\/\/mallorca.twofinewheels.com\/en\/","name":"Centro ciclistico di Maiorca","description":"Centro biciclette a Maiorca dal 1999","publisher":{"@id":"https:\/\/mallorca.twofinewheels.com\/en\/#organization"},"potentialAction":[{"@type":"SearchAction","target":{"@type":"EntryPoint","urlTemplate":"https:\/\/mallorca.twofinewheels.com\/en\/?s={search_term_string}"},"query-input":{"@type":"PropertyValueSpecification","valueRequired":true,"valueName":"search_term_string"}}],"inLanguage":"it-IT"},{"@type":"Organization","@id":"https:\/\/mallorca.twofinewheels.com\/en\/#organization","name":"Two Fine Wheels Maiorca","url":"https:\/\/mallorca.twofinewheels.com\/en\/","logo":{"@type":"ImageObject","inLanguage":"it-IT","@id":"https:\/\/mallorca.twofinewheels.com\/en\/#\/schema\/logo\/image\/","url":"https:\/\/mallorca.twofinewheels.com\/wp-content\/uploads\/2024\/12\/logotwofinewheels_small.jpg","contentUrl":"https:\/\/mallorca.twofinewheels.com\/wp-content\/uploads\/2024\/12\/logotwofinewheels_small.jpg","width":150,"height":147,"caption":"Two Fine Wheels Mallorca"},"image":{"@id":"https:\/\/mallorca.twofinewheels.com\/en\/#\/schema\/logo\/image\/"},"sameAs":["https:\/\/www.instagram.com\/twofinewheels_berlin\/","https:\/\/www.instagram.com\/twofinewheels_mallorca\/"]}]}},"_links":{"self":[{"href":"https:\/\/mallorca.twofinewheels.com\/it\/wp-json\/wp\/v2\/pages\/319","targetHints":{"allow":["GET"]}}],"collection":[{"href":"https:\/\/mallorca.twofinewheels.com\/it\/wp-json\/wp\/v2\/pages"}],"about":[{"href":"https:\/\/mallorca.twofinewheels.com\/it\/wp-json\/wp\/v2\/types\/page"}],"author":[{"embeddable":true,"href":"https:\/\/mallorca.twofinewheels.com\/it\/wp-json\/wp\/v2\/users\/1"}],"replies":[{"embeddable":true,"href":"https:\/\/mallorca.twofinewheels.com\/it\/wp-json\/wp\/v2\/comments?post=319"}],"version-history":[{"count":8,"href":"https:\/\/mallorca.twofinewheels.com\/it\/wp-json\/wp\/v2\/pages\/319\/revisions"}],"predecessor-version":[{"id":391,"href":"https:\/\/mallorca.twofinewheels.com\/it\/wp-json\/wp\/v2\/pages\/319\/revisions\/391"}],"wp:attachment":[{"href":"https:\/\/mallorca.twofinewheels.com\/it\/wp-json\/wp\/v2\/media?parent=319"}],"curies":[{"name":"wp","href":"https:\/\/api.w.org\/{rel}","templated":true}]}}