{"id":319,"date":"2024-12-16T20:26:07","date_gmt":"2024-12-16T20:26:07","guid":{"rendered":"https:\/\/mallorca.twofinewheels.com\/?page_id=319"},"modified":"2024-12-29T15:58:34","modified_gmt":"2024-12-29T15:58:34","slug":"privacy-policy-and-legal-stuff","status":"publish","type":"page","link":"https:\/\/mallorca.twofinewheels.com\/fr\/privacy-policy-and-legal-stuff\/","title":{"rendered":"Politique de confidentialit\u00e9 et affaires juridiques"},"content":{"rendered":"<div data-elementor-type=\"wp-page\" data-elementor-id=\"319\" class=\"elementor elementor-319\" data-elementor-post-type=\"page\">\n\t\t\t\t<div class=\"elementor-element elementor-element-c35c301 e-flex e-con-boxed e-con e-parent\" data-id=\"c35c301\" data-element_type=\"container\" data-e-type=\"container\">\n\t\t\t\t\t<div class=\"e-con-inner\">\n\t\t\t\t<div class=\"elementor-element elementor-element-a222a18 elementor-widget elementor-widget-text-editor\" data-id=\"a222a18\" data-element_type=\"widget\" data-e-type=\"widget\" data-widget_type=\"text-editor.default\">\n\t\t\t\t<div class=\"elementor-widget-container\">\n\t\t\t\t\t\t\t\t\t<p><strong>PROTECTION DES DONN\u00c9ES<\/strong><\/p><p><strong>Traitement des donn\u00e9es dans le paragraphe \"Contacts<\/strong><\/p><p>Conform\u00e9ment aux dispositions relatives \u00e0 la protection des donn\u00e9es \u00e0 caract\u00e8re personnel, vous autorisez par la pr\u00e9sente que les donn\u00e9es \u00e0 caract\u00e8re personnel obtenues par le biais de cookies soient int\u00e9gr\u00e9es dans un fichier appel\u00e9 CONTACTS. Ce fichier est plac\u00e9 sous la responsabilit\u00e9 de\u00a0<span style=\"color: var( --e-global-color-text ); font-family: var( --e-global-typography-text-font-family ), Sans-serif; font-size: var( --e-global-typography-text-font-size ); font-style: var( --e-global-typography-text-font-style ); font-weight: var( --e-global-typography-text-font-weight ); text-transform: var( --e-global-typography-text-text-transform ); text-align: var(--text-align); background-color: var( --e-global-color-5ba0249 );\">TwoFineWheels<\/span><span style=\"color: var( --e-global-color-text ); font-family: var( --e-global-typography-text-font-family ), Sans-serif; font-size: var( --e-global-typography-text-font-size ); font-style: var( --e-global-typography-text-font-style ); font-weight: var( --e-global-typography-text-font-weight ); text-transform: var( --e-global-typography-text-text-transform ); text-align: var(--text-align); background-color: var( --e-global-color-5ba0249 );\">Propri\u00e9taire et g\u00e9rant Fabian Runge, avec si\u00e8ge social \u00e0 Avda Benvinguts, 2-3, 07660 Cala d'Or, Mallorca et num\u00e9ro d'identification fiscale X2912753X-.<\/span><\/p><p>La finalit\u00e9 de ce traitement est la gestion des personnes de contact, la r\u00e9ponse aux demandes formul\u00e9es et l'envoi d'informations sur nos services. Ces donn\u00e9es ne seront pas communiqu\u00e9es \u00e0 des tiers et seront conserv\u00e9es, \u00e0 condition que cela soit n\u00e9cessaire ou l\u00e9gitime pour la finalit\u00e9 pour laquelle elles ont \u00e9t\u00e9 collect\u00e9es.<\/p><p><strong>Traitement des donn\u00e9es dans le paragraphe R\u00e9servations<\/strong><\/p><p>Conform\u00e9ment aux dispositions relatives \u00e0 la protection des donn\u00e9es \u00e0 caract\u00e8re personnel, vous autorisez par la pr\u00e9sente que les donn\u00e9es \u00e0 caract\u00e8re personnel obtenues par le biais de cookies soient int\u00e9gr\u00e9es dans un fichier appel\u00e9 R\u00c9SERVATIONS. Ce fichier est plac\u00e9 sous la responsabilit\u00e9 de\u00a0<span style=\"color: var( --e-global-color-text ); font-family: var( --e-global-typography-text-font-family ), Sans-serif; font-size: var( --e-global-typography-text-font-size ); font-style: var( --e-global-typography-text-font-style ); font-weight: var( --e-global-typography-text-font-weight ); text-transform: var( --e-global-typography-text-text-transform ); text-align: var(--text-align); background-color: var( --e-global-color-5ba0249 );\">TwoFineWheels<\/span><span style=\"color: var( --e-global-color-text ); font-family: var( --e-global-typography-text-font-family ), Sans-serif; font-size: var( --e-global-typography-text-font-size ); font-style: var( --e-global-typography-text-font-style ); font-weight: var( --e-global-typography-text-font-weight ); text-transform: var( --e-global-typography-text-text-transform ); text-align: var(--text-align); background-color: var( --e-global-color-5ba0249 );\">Fabian Runge, propri\u00e9taire et directeur g\u00e9n\u00e9ral, dont le si\u00e8ge social se trouve \u00e0\u00a0<\/span><span style=\"color: var( --e-global-color-text ); font-family: var( --e-global-typography-text-font-family ), Sans-serif; font-size: var( --e-global-typography-text-font-size ); font-style: var( --e-global-typography-text-font-style ); font-weight: var( --e-global-typography-text-font-weight ); text-transform: var( --e-global-typography-text-text-transform ); text-align: var(--text-align); background-color: var( --e-global-color-5ba0249 );\">Avda Benvinguts, 2-3<\/span><span style=\"color: var( --e-global-color-text ); font-family: var( --e-global-typography-text-font-family ), Sans-serif; font-size: var( --e-global-typography-text-font-size ); font-style: var( --e-global-typography-text-font-style ); font-weight: var( --e-global-typography-text-font-weight ); text-transform: var( --e-global-typography-text-text-transform ); text-align: var(--text-align); background-color: var( --e-global-color-5ba0249 );\">07660 Cala d'Or, Mallorca et num\u00e9ro d'identification fiscale X2912753X-.<\/span><\/p><p>La finalit\u00e9 de ce traitement est la gestion des r\u00e9servations re\u00e7ues et des formalit\u00e9s y aff\u00e9rentes, ainsi que la r\u00e9ponse aux demandes re\u00e7ues. Ces donn\u00e9es ne seront pas communiqu\u00e9es \u00e0 des tiers et seront conserv\u00e9es, \u00e0 condition que cela soit n\u00e9cessaire ou l\u00e9gitime par rapport \u00e0 la finalit\u00e9 pour laquelle elles ont \u00e9t\u00e9 collect\u00e9es.<\/p><p><strong>Traitement des donn\u00e9es dans le paragraphe Newsletter<\/strong><\/p><p>Conform\u00e9ment aux dispositions relatives \u00e0 la protection des donn\u00e9es \u00e0 caract\u00e8re personnel, vous autorisez par la pr\u00e9sente que les donn\u00e9es \u00e0 caract\u00e8re personnel obtenues par le biais de cookies soient int\u00e9gr\u00e9es dans un fichier d\u00e9nomm\u00e9 CONTACTS. Ce fichier est plac\u00e9 sous la responsabilit\u00e9 de\u00a0<span style=\"color: var( --e-global-color-text ); font-family: var( --e-global-typography-text-font-family ), Sans-serif; font-size: var( --e-global-typography-text-font-size ); font-style: var( --e-global-typography-text-font-style ); font-weight: var( --e-global-typography-text-font-weight ); text-transform: var( --e-global-typography-text-text-transform ); text-align: var(--text-align); background-color: var( --e-global-color-5ba0249 );\">TwoFineWheels<\/span><span style=\"color: var( --e-global-color-text ); font-family: var( --e-global-typography-text-font-family ), Sans-serif; font-size: var( --e-global-typography-text-font-size ); font-style: var( --e-global-typography-text-font-style ); font-weight: var( --e-global-typography-text-font-weight ); text-transform: var( --e-global-typography-text-text-transform ); text-align: var(--text-align); background-color: var( --e-global-color-5ba0249 );\">Fabian Runge, propri\u00e9taire et directeur g\u00e9n\u00e9ral, dont le si\u00e8ge social se trouve \u00e0\u00a0<\/span><span style=\"color: var( --e-global-color-text ); font-family: var( --e-global-typography-text-font-family ), Sans-serif; font-size: var( --e-global-typography-text-font-size ); font-style: var( --e-global-typography-text-font-style ); font-weight: var( --e-global-typography-text-font-weight ); text-transform: var( --e-global-typography-text-text-transform ); text-align: var(--text-align); background-color: var( --e-global-color-5ba0249 );\">Avda Benvinguts, 2-3<\/span><span style=\"color: var( --e-global-color-text ); font-family: var( --e-global-typography-text-font-family ), Sans-serif; font-size: var( --e-global-typography-text-font-size ); font-style: var( --e-global-typography-text-font-style ); font-weight: var( --e-global-typography-text-font-weight ); text-transform: var( --e-global-typography-text-text-transform ); text-align: var(--text-align); background-color: var( --e-global-color-5ba0249 );\">07660 Cala d'Or, Mallorca et num\u00e9ro d'identification fiscale X2912753X-.<\/span><\/p><p>La finalit\u00e9 de ce traitement est la communication avec les personnes de contact et la gestion de leurs donn\u00e9es. Ces donn\u00e9es ne sont pas communiqu\u00e9es \u00e0 des tiers et sont conserv\u00e9es, \u00e0 condition que cela soit n\u00e9cessaire ou l\u00e9gitime au regard des finalit\u00e9s pour lesquelles elles ont \u00e9t\u00e9 collect\u00e9es.<br \/>Dans tous les cas, vous pouvez r\u00e9voquer le consentement donn\u00e9 en exer\u00e7ant votre droit d'acc\u00e8s, de modification, d'effacement ou de limitation du traitement des donn\u00e9es, ou en vous y opposant. Il en va de m\u00eame pour votre droit \u00e0 la portabilit\u00e9 des donn\u00e9es. Conform\u00e9ment \u00e0 ce qui pr\u00e9c\u00e8de, vous pouvez \u00e9galement retirer le consentement que vous avez donn\u00e9 pour le traitement des donn\u00e9es.<\/p><p>Ces demandes doivent \u00eatre adress\u00e9es par \u00e9crit \u00e0 l'adresse suivante :  TwoFineWheels Si\u00e8ge social \u00e0\u00a0<span style=\"color: var( --e-global-color-text ); font-family: var( --e-global-typography-text-font-family ), Sans-serif; font-size: var( --e-global-typography-text-font-size ); font-style: var( --e-global-typography-text-font-style ); font-weight: var( --e-global-typography-text-font-weight ); text-transform: var( --e-global-typography-text-text-transform ); text-align: var(--text-align); background-color: var( --e-global-color-5ba0249 );\">Avda Benvinguts, 2-3<\/span><span style=\"color: var( --e-global-color-text ); font-family: var( --e-global-typography-text-font-family ), Sans-serif; font-size: var( --e-global-typography-text-font-size ); font-style: var( --e-global-typography-text-font-style ); font-weight: var( --e-global-typography-text-font-weight ); text-transform: var( --e-global-typography-text-text-transform ); text-align: var(--text-align); background-color: var( --e-global-color-5ba0249 );\">, 07660 Cala d'Or, Majorque<\/span><\/p><p>ou par courrier \u00e9lectronique \u00e0 l'adresse suivante : info@twofinewheels.com\u00a0<\/p><p>\u00a0<\/p>\t\t\t\t\t\t\t\t<\/div>\n\t\t\t\t<\/div>\n\t\t\t\t\t<\/div>\n\t\t\t\t<\/div>\n\t\t\t\t<\/div>","protected":false},"excerpt":{"rendered":"<p>DATENSCHUTZ Datenverarbeitung im Absatz \u201eKontakte\u201c Gem\u00e4\u00df den Bestimmungen zum Schutz personenbezogener Daten erlauben Sie hiermit, dass die durch Cookies erhaltenen personenbezogenen Daten in eine Datei mit dem Namen KONTAKTE aufgenommen werden. Diese Datei unterliegt der Verantwortung von von\u00a0TwoFineWheels, Inhaber und Gesch\u00e4ftsf\u00fchrer Fabian Runge, mit Firmensitz in Avda Benvinguts, 2-3, 07660 Cala d\u2019Or, Mallorca und Steuer [&hellip;]<\/p>\n","protected":false},"author":1,"featured_media":0,"parent":0,"menu_order":0,"comment_status":"closed","ping_status":"closed","template":"","meta":{"footnotes":""},"class_list":["post-319","page","type-page","status-publish","hentry"],"yoast_head":"<!-- This site is optimized with the Yoast SEO plugin v27.4 - https:\/\/yoast.com\/product\/yoast-seo-wordpress\/ -->\n<title>Privacy Policy and Legal Stuff - Bike Center Mallorca<\/title>\n<meta name=\"robots\" content=\"index, follow, max-snippet:-1, max-image-preview:large, max-video-preview:-1\" \/>\n<link rel=\"canonical\" href=\"https:\/\/mallorca.twofinewheels.com\/fr\/privacy-policy-and-legal-stuff\/\" \/>\n<meta property=\"og:locale\" content=\"fr_FR\" \/>\n<meta property=\"og:type\" content=\"article\" \/>\n<meta property=\"og:title\" content=\"Privacy Policy and Legal Stuff - Bike Center Mallorca\" \/>\n<meta property=\"og:description\" content=\"DATENSCHUTZ Datenverarbeitung im Absatz \u201eKontakte\u201c Gem\u00e4\u00df den Bestimmungen zum Schutz personenbezogener Daten erlauben Sie hiermit, dass die durch Cookies erhaltenen personenbezogenen Daten in eine Datei mit dem Namen KONTAKTE aufgenommen werden. Diese Datei unterliegt der Verantwortung von von\u00a0TwoFineWheels, Inhaber und Gesch\u00e4ftsf\u00fchrer Fabian Runge, mit Firmensitz in Avda Benvinguts, 2-3, 07660 Cala d\u2019Or, Mallorca und Steuer [&hellip;]\" \/>\n<meta property=\"og:url\" content=\"https:\/\/mallorca.twofinewheels.com\/fr\/privacy-policy-and-legal-stuff\/\" \/>\n<meta property=\"og:site_name\" content=\"Bike Center Mallorca\" \/>\n<meta property=\"article:modified_time\" content=\"2024-12-29T15:58:34+00:00\" \/>\n<meta name=\"twitter:card\" content=\"summary_large_image\" \/>\n<meta name=\"twitter:label1\" content=\"Dur\u00e9e de lecture estim\u00e9e\" \/>\n\t<meta name=\"twitter:data1\" content=\"2 minutes\" \/>\n<script type=\"application\/ld+json\" class=\"yoast-schema-graph\">{\"@context\":\"https:\\\/\\\/schema.org\",\"@graph\":[{\"@type\":\"WebPage\",\"@id\":\"https:\\\/\\\/mallorca.twofinewheels.com\\\/privacy-policy-and-legal-stuff\\\/\",\"url\":\"https:\\\/\\\/mallorca.twofinewheels.com\\\/privacy-policy-and-legal-stuff\\\/\",\"name\":\"Privacy Policy and Legal Stuff - Bike Center Mallorca\",\"isPartOf\":{\"@id\":\"https:\\\/\\\/mallorca.twofinewheels.com\\\/en\\\/#website\"},\"datePublished\":\"2024-12-16T20:26:07+00:00\",\"dateModified\":\"2024-12-29T15:58:34+00:00\",\"breadcrumb\":{\"@id\":\"https:\\\/\\\/mallorca.twofinewheels.com\\\/privacy-policy-and-legal-stuff\\\/#breadcrumb\"},\"inLanguage\":\"fr-FR\",\"potentialAction\":[{\"@type\":\"ReadAction\",\"target\":[\"https:\\\/\\\/mallorca.twofinewheels.com\\\/privacy-policy-and-legal-stuff\\\/\"]}]},{\"@type\":\"BreadcrumbList\",\"@id\":\"https:\\\/\\\/mallorca.twofinewheels.com\\\/privacy-policy-and-legal-stuff\\\/#breadcrumb\",\"itemListElement\":[{\"@type\":\"ListItem\",\"position\":1,\"name\":\"Startseite\",\"item\":\"https:\\\/\\\/mallorca.twofinewheels.com\\\/\"},{\"@type\":\"ListItem\",\"position\":2,\"name\":\"Privacy Policy and Legal Stuff\"}]},{\"@type\":\"WebSite\",\"@id\":\"https:\\\/\\\/mallorca.twofinewheels.com\\\/en\\\/#website\",\"url\":\"https:\\\/\\\/mallorca.twofinewheels.com\\\/en\\\/\",\"name\":\"Bike Center Mallorca\",\"description\":\"Bikecenter on Mallorca since 1999\",\"publisher\":{\"@id\":\"https:\\\/\\\/mallorca.twofinewheels.com\\\/en\\\/#organization\"},\"potentialAction\":[{\"@type\":\"SearchAction\",\"target\":{\"@type\":\"EntryPoint\",\"urlTemplate\":\"https:\\\/\\\/mallorca.twofinewheels.com\\\/en\\\/?s={search_term_string}\"},\"query-input\":{\"@type\":\"PropertyValueSpecification\",\"valueRequired\":true,\"valueName\":\"search_term_string\"}}],\"inLanguage\":\"fr-FR\"},{\"@type\":\"Organization\",\"@id\":\"https:\\\/\\\/mallorca.twofinewheels.com\\\/en\\\/#organization\",\"name\":\"Two Fine Wheels Mallorca\",\"url\":\"https:\\\/\\\/mallorca.twofinewheels.com\\\/en\\\/\",\"logo\":{\"@type\":\"ImageObject\",\"inLanguage\":\"fr-FR\",\"@id\":\"https:\\\/\\\/mallorca.twofinewheels.com\\\/en\\\/#\\\/schema\\\/logo\\\/image\\\/\",\"url\":\"https:\\\/\\\/mallorca.twofinewheels.com\\\/wp-content\\\/uploads\\\/2024\\\/12\\\/logotwofinewheels_small.jpg\",\"contentUrl\":\"https:\\\/\\\/mallorca.twofinewheels.com\\\/wp-content\\\/uploads\\\/2024\\\/12\\\/logotwofinewheels_small.jpg\",\"width\":150,\"height\":147,\"caption\":\"Two Fine Wheels Mallorca\"},\"image\":{\"@id\":\"https:\\\/\\\/mallorca.twofinewheels.com\\\/en\\\/#\\\/schema\\\/logo\\\/image\\\/\"},\"sameAs\":[\"https:\\\/\\\/www.instagram.com\\\/twofinewheels_berlin\\\/\",\"https:\\\/\\\/www.instagram.com\\\/twofinewheels_mallorca\\\/\"]}]}<\/script>\n<!-- \/ Yoast SEO plugin. -->","yoast_head_json":{"title":"Privacy Policy and Legal Stuff - Bike Center Mallorca","robots":{"index":"index","follow":"follow","max-snippet":"max-snippet:-1","max-image-preview":"max-image-preview:large","max-video-preview":"max-video-preview:-1"},"canonical":"https:\/\/mallorca.twofinewheels.com\/fr\/privacy-policy-and-legal-stuff\/","og_locale":"fr_FR","og_type":"article","og_title":"Privacy Policy and Legal Stuff - Bike Center Mallorca","og_description":"DATENSCHUTZ Datenverarbeitung im Absatz \u201eKontakte\u201c Gem\u00e4\u00df den Bestimmungen zum Schutz personenbezogener Daten erlauben Sie hiermit, dass die durch Cookies erhaltenen personenbezogenen Daten in eine Datei mit dem Namen KONTAKTE aufgenommen werden. Diese Datei unterliegt der Verantwortung von von\u00a0TwoFineWheels, Inhaber und Gesch\u00e4ftsf\u00fchrer Fabian Runge, mit Firmensitz in Avda Benvinguts, 2-3, 07660 Cala d\u2019Or, Mallorca und Steuer [&hellip;]","og_url":"https:\/\/mallorca.twofinewheels.com\/fr\/privacy-policy-and-legal-stuff\/","og_site_name":"Bike Center Mallorca","article_modified_time":"2024-12-29T15:58:34+00:00","twitter_card":"summary_large_image","twitter_misc":{"Dur\u00e9e de lecture estim\u00e9e":"2 minutes"},"schema":{"@context":"https:\/\/schema.org","@graph":[{"@type":"WebPage","@id":"https:\/\/mallorca.twofinewheels.com\/privacy-policy-and-legal-stuff\/","url":"https:\/\/mallorca.twofinewheels.com\/privacy-policy-and-legal-stuff\/","name":"Privacy Policy and Legal Stuff - Bike Center Mallorca","isPartOf":{"@id":"https:\/\/mallorca.twofinewheels.com\/en\/#website"},"datePublished":"2024-12-16T20:26:07+00:00","dateModified":"2024-12-29T15:58:34+00:00","breadcrumb":{"@id":"https:\/\/mallorca.twofinewheels.com\/privacy-policy-and-legal-stuff\/#breadcrumb"},"inLanguage":"fr-FR","potentialAction":[{"@type":"ReadAction","target":["https:\/\/mallorca.twofinewheels.com\/privacy-policy-and-legal-stuff\/"]}]},{"@type":"BreadcrumbList","@id":"https:\/\/mallorca.twofinewheels.com\/privacy-policy-and-legal-stuff\/#breadcrumb","itemListElement":[{"@type":"ListItem","position":1,"name":"Startseite","item":"https:\/\/mallorca.twofinewheels.com\/"},{"@type":"ListItem","position":2,"name":"Privacy Policy and Legal Stuff"}]},{"@type":"WebSite","@id":"https:\/\/mallorca.twofinewheels.com\/en\/#website","url":"https:\/\/mallorca.twofinewheels.com\/en\/","name":"Centre de v\u00e9lo de Majorque","description":"Bikecenter on Mallorca depuis 1999","publisher":{"@id":"https:\/\/mallorca.twofinewheels.com\/en\/#organization"},"potentialAction":[{"@type":"SearchAction","target":{"@type":"EntryPoint","urlTemplate":"https:\/\/mallorca.twofinewheels.com\/en\/?s={search_term_string}"},"query-input":{"@type":"PropertyValueSpecification","valueRequired":true,"valueName":"search_term_string"}}],"inLanguage":"fr-FR"},{"@type":"Organization","@id":"https:\/\/mallorca.twofinewheels.com\/en\/#organization","name":"Two Fine Wheels Majorque","url":"https:\/\/mallorca.twofinewheels.com\/en\/","logo":{"@type":"ImageObject","inLanguage":"fr-FR","@id":"https:\/\/mallorca.twofinewheels.com\/en\/#\/schema\/logo\/image\/","url":"https:\/\/mallorca.twofinewheels.com\/wp-content\/uploads\/2024\/12\/logotwofinewheels_small.jpg","contentUrl":"https:\/\/mallorca.twofinewheels.com\/wp-content\/uploads\/2024\/12\/logotwofinewheels_small.jpg","width":150,"height":147,"caption":"Two Fine Wheels Mallorca"},"image":{"@id":"https:\/\/mallorca.twofinewheels.com\/en\/#\/schema\/logo\/image\/"},"sameAs":["https:\/\/www.instagram.com\/twofinewheels_berlin\/","https:\/\/www.instagram.com\/twofinewheels_mallorca\/"]}]}},"_links":{"self":[{"href":"https:\/\/mallorca.twofinewheels.com\/fr\/wp-json\/wp\/v2\/pages\/319","targetHints":{"allow":["GET"]}}],"collection":[{"href":"https:\/\/mallorca.twofinewheels.com\/fr\/wp-json\/wp\/v2\/pages"}],"about":[{"href":"https:\/\/mallorca.twofinewheels.com\/fr\/wp-json\/wp\/v2\/types\/page"}],"author":[{"embeddable":true,"href":"https:\/\/mallorca.twofinewheels.com\/fr\/wp-json\/wp\/v2\/users\/1"}],"replies":[{"embeddable":true,"href":"https:\/\/mallorca.twofinewheels.com\/fr\/wp-json\/wp\/v2\/comments?post=319"}],"version-history":[{"count":8,"href":"https:\/\/mallorca.twofinewheels.com\/fr\/wp-json\/wp\/v2\/pages\/319\/revisions"}],"predecessor-version":[{"id":391,"href":"https:\/\/mallorca.twofinewheels.com\/fr\/wp-json\/wp\/v2\/pages\/319\/revisions\/391"}],"wp:attachment":[{"href":"https:\/\/mallorca.twofinewheels.com\/fr\/wp-json\/wp\/v2\/media?parent=319"}],"curies":[{"name":"wp","href":"https:\/\/api.w.org\/{rel}","templated":true}]}}