{"id":319,"date":"2024-12-16T20:26:07","date_gmt":"2024-12-16T20:26:07","guid":{"rendered":"https:\/\/mallorca.twofinewheels.com\/?page_id=319"},"modified":"2024-12-29T15:58:34","modified_gmt":"2024-12-29T15:58:34","slug":"privacy-policy-and-legal-stuff","status":"publish","type":"page","link":"https:\/\/mallorca.twofinewheels.com\/es\/privacy-policy-and-legal-stuff\/","title":{"rendered":"Pol\u00edtica de privacidad y asuntos legales"},"content":{"rendered":"<div data-elementor-type=\"wp-page\" data-elementor-id=\"319\" class=\"elementor elementor-319\" data-elementor-post-type=\"page\">\n\t\t\t\t<div class=\"elementor-element elementor-element-c35c301 e-flex e-con-boxed e-con e-parent\" data-id=\"c35c301\" data-element_type=\"container\" data-e-type=\"container\">\n\t\t\t\t\t<div class=\"e-con-inner\">\n\t\t\t\t<div class=\"elementor-element elementor-element-a222a18 elementor-widget elementor-widget-text-editor\" data-id=\"a222a18\" data-element_type=\"widget\" data-e-type=\"widget\" data-widget_type=\"text-editor.default\">\n\t\t\t\t<div class=\"elementor-widget-container\">\n\t\t\t\t\t\t\t\t\t<p><strong>PROTECCI\u00d3N DE DATOS<\/strong><\/p><p><strong>Tratamiento de datos en la secci\u00f3n \"Contactos<\/strong><\/p><p>De conformidad con las disposiciones en materia de protecci\u00f3n de datos de car\u00e1cter personal, usted autoriza a que los datos personales obtenidos a trav\u00e9s de las cookies sean incluidos en un fichero denominado CONTACTOS. Este fichero est\u00e1 bajo la responsabilidad de\u00a0<span style=\"color: var( --e-global-color-text ); font-family: var( --e-global-typography-text-font-family ), Sans-serif; font-size: var( --e-global-typography-text-font-size ); font-style: var( --e-global-typography-text-font-style ); font-weight: var( --e-global-typography-text-font-weight ); text-transform: var( --e-global-typography-text-text-transform ); text-align: var(--text-align); background-color: var( --e-global-color-5ba0249 );\">TwoFineWheels<\/span><span style=\"color: var( --e-global-color-text ); font-family: var( --e-global-typography-text-font-family ), Sans-serif; font-size: var( --e-global-typography-text-font-size ); font-style: var( --e-global-typography-text-font-style ); font-weight: var( --e-global-typography-text-font-weight ); text-transform: var( --e-global-typography-text-text-transform ); text-align: var(--text-align); background-color: var( --e-global-color-5ba0249 );\">propietario y director gerente Fabian Runge, con domicilio social en Avda Benvinguts, 2-3, 07660 Cala d'Or, Mallorca y NIF X2912753X-.<\/span><\/p><p>La finalidad de este tratamiento es gestionar los contactos, responder a las consultas y enviar informaci\u00f3n sobre nuestros servicios. Estos datos no se transmitir\u00e1n a terceros y se conservar\u00e1n siempre que sea necesario o leg\u00edtimo para el fin para el que se recogieron.<\/p><p><strong>Tratamiento de datos en la secci\u00f3n de reservas<\/strong><\/p><p>De conformidad con las disposiciones en materia de protecci\u00f3n de datos de car\u00e1cter personal, usted autoriza a que los datos personales obtenidos a trav\u00e9s de las cookies sean incluidos en un fichero denominado RESERVAS. Este fichero es responsabilidad de\u00a0<span style=\"color: var( --e-global-color-text ); font-family: var( --e-global-typography-text-font-family ), Sans-serif; font-size: var( --e-global-typography-text-font-size ); font-style: var( --e-global-typography-text-font-style ); font-weight: var( --e-global-typography-text-font-weight ); text-transform: var( --e-global-typography-text-text-transform ); text-align: var(--text-align); background-color: var( --e-global-color-5ba0249 );\">TwoFineWheels<\/span><span style=\"color: var( --e-global-color-text ); font-family: var( --e-global-typography-text-font-family ), Sans-serif; font-size: var( --e-global-typography-text-font-size ); font-style: var( --e-global-typography-text-font-style ); font-weight: var( --e-global-typography-text-font-weight ); text-transform: var( --e-global-typography-text-text-transform ); text-align: var(--text-align); background-color: var( --e-global-color-5ba0249 );\">propietario y director general Fabian Runge, con sede en\u00a0<\/span><span style=\"color: var( --e-global-color-text ); font-family: var( --e-global-typography-text-font-family ), Sans-serif; font-size: var( --e-global-typography-text-font-size ); font-style: var( --e-global-typography-text-font-style ); font-weight: var( --e-global-typography-text-font-weight ); text-transform: var( --e-global-typography-text-text-transform ); text-align: var(--text-align); background-color: var( --e-global-color-5ba0249 );\">Avda Benvinguts, 2-3<\/span><span style=\"color: var( --e-global-color-text ); font-family: var( --e-global-typography-text-font-family ), Sans-serif; font-size: var( --e-global-typography-text-font-size ); font-style: var( --e-global-typography-text-font-style ); font-weight: var( --e-global-typography-text-font-weight ); text-transform: var( --e-global-typography-text-text-transform ); text-align: var(--text-align); background-color: var( --e-global-color-5ba0249 );\">, 07660 Cala d'Or, Mallorca y NIF X2912753X-<\/span><\/p><p>La finalidad de este tratamiento es gestionar las reservas recibidas y los tr\u00e1mites relacionados, as\u00ed como responder a las solicitudes recibidas. Estos datos no se comunicar\u00e1n a terceros y se conservar\u00e1n siempre que sea necesario o leg\u00edtimo para el fin para el que se recogieron.<\/p><p><strong>Tratamiento de datos en la secci\u00f3n Newsletter<\/strong><\/p><p>De conformidad con las disposiciones en materia de protecci\u00f3n de datos de car\u00e1cter personal, usted autoriza a que los datos personales obtenidos a trav\u00e9s de las cookies sean incluidos en un fichero denominado CONTACTOS. Este fichero est\u00e1 bajo la responsabilidad de\u00a0<span style=\"color: var( --e-global-color-text ); font-family: var( --e-global-typography-text-font-family ), Sans-serif; font-size: var( --e-global-typography-text-font-size ); font-style: var( --e-global-typography-text-font-style ); font-weight: var( --e-global-typography-text-font-weight ); text-transform: var( --e-global-typography-text-text-transform ); text-align: var(--text-align); background-color: var( --e-global-color-5ba0249 );\">TwoFineWheels<\/span><span style=\"color: var( --e-global-color-text ); font-family: var( --e-global-typography-text-font-family ), Sans-serif; font-size: var( --e-global-typography-text-font-size ); font-style: var( --e-global-typography-text-font-style ); font-weight: var( --e-global-typography-text-font-weight ); text-transform: var( --e-global-typography-text-text-transform ); text-align: var(--text-align); background-color: var( --e-global-color-5ba0249 );\">propietario y director general Fabian Runge, con sede en\u00a0<\/span><span style=\"color: var( --e-global-color-text ); font-family: var( --e-global-typography-text-font-family ), Sans-serif; font-size: var( --e-global-typography-text-font-size ); font-style: var( --e-global-typography-text-font-style ); font-weight: var( --e-global-typography-text-font-weight ); text-transform: var( --e-global-typography-text-text-transform ); text-align: var(--text-align); background-color: var( --e-global-color-5ba0249 );\">Avda Benvinguts, 2-3<\/span><span style=\"color: var( --e-global-color-text ); font-family: var( --e-global-typography-text-font-family ), Sans-serif; font-size: var( --e-global-typography-text-font-size ); font-style: var( --e-global-typography-text-font-style ); font-weight: var( --e-global-typography-text-font-weight ); text-transform: var( --e-global-typography-text-text-transform ); text-align: var(--text-align); background-color: var( --e-global-color-5ba0249 );\">, 07660 Cala d'Or, Mallorca y NIF X2912753X-<\/span><\/p><p>La finalidad de este tratamiento es comunicarse con las personas de contacto y gestionar sus datos. Estos datos no se transmitir\u00e1n a terceros y se conservar\u00e1n, siempre que sea necesario o leg\u00edtimo para la finalidad para la que se recogieron.<br \/>En cualquier caso, puede revocar el consentimiento que ha dado ejerciendo su derecho de acceso, rectificaci\u00f3n, supresi\u00f3n o limitaci\u00f3n del tratamiento de datos, o bien oponi\u00e9ndose al mismo. Esto tambi\u00e9n se aplica a su derecho a la portabilidad de los datos. De conformidad con lo anterior, tambi\u00e9n puede revocar el consentimiento que haya dado para el tratamiento de los datos.<\/p><p>Dichas solicitudes deber\u00e1n enviarse por escrito a la siguiente direcci\u00f3n  TwoFineWheels domicilio social en\u00a0<span style=\"color: var( --e-global-color-text ); font-family: var( --e-global-typography-text-font-family ), Sans-serif; font-size: var( --e-global-typography-text-font-size ); font-style: var( --e-global-typography-text-font-style ); font-weight: var( --e-global-typography-text-font-weight ); text-transform: var( --e-global-typography-text-text-transform ); text-align: var(--text-align); background-color: var( --e-global-color-5ba0249 );\">Avda Benvinguts, 2-3<\/span><span style=\"color: var( --e-global-color-text ); font-family: var( --e-global-typography-text-font-family ), Sans-serif; font-size: var( --e-global-typography-text-font-size ); font-style: var( --e-global-typography-text-font-style ); font-weight: var( --e-global-typography-text-font-weight ); text-transform: var( --e-global-typography-text-text-transform ); text-align: var(--text-align); background-color: var( --e-global-color-5ba0249 );\">, 07660 Cala d'Or, Mallorca<\/span><\/p><p>o por correo electr\u00f3nico a la siguiente direcci\u00f3n: info@twofinewheels.com\u00a0<\/p><p>\u00a0<\/p>\t\t\t\t\t\t\t\t<\/div>\n\t\t\t\t<\/div>\n\t\t\t\t\t<\/div>\n\t\t\t\t<\/div>\n\t\t\t\t<\/div>","protected":false},"excerpt":{"rendered":"<p>DATENSCHUTZ Datenverarbeitung im Absatz \u201eKontakte\u201c Gem\u00e4\u00df den Bestimmungen zum Schutz personenbezogener Daten erlauben Sie hiermit, dass die durch Cookies erhaltenen personenbezogenen Daten in eine Datei mit dem Namen KONTAKTE aufgenommen werden. Diese Datei unterliegt der Verantwortung von von\u00a0TwoFineWheels, Inhaber und Gesch\u00e4ftsf\u00fchrer Fabian Runge, mit Firmensitz in Avda Benvinguts, 2-3, 07660 Cala d\u2019Or, Mallorca und Steuer [&hellip;]<\/p>\n","protected":false},"author":1,"featured_media":0,"parent":0,"menu_order":0,"comment_status":"closed","ping_status":"closed","template":"","meta":{"footnotes":""},"class_list":["post-319","page","type-page","status-publish","hentry"],"yoast_head":"<!-- This site is optimized with the Yoast SEO plugin v27.4 - https:\/\/yoast.com\/product\/yoast-seo-wordpress\/ -->\n<title>Privacy Policy and Legal Stuff - Bike Center Mallorca<\/title>\n<meta name=\"robots\" content=\"index, follow, max-snippet:-1, max-image-preview:large, max-video-preview:-1\" \/>\n<link rel=\"canonical\" href=\"https:\/\/mallorca.twofinewheels.com\/es\/privacy-policy-and-legal-stuff\/\" \/>\n<meta property=\"og:locale\" content=\"es_ES\" \/>\n<meta property=\"og:type\" content=\"article\" \/>\n<meta property=\"og:title\" content=\"Privacy Policy and Legal Stuff - Bike Center Mallorca\" \/>\n<meta property=\"og:description\" content=\"DATENSCHUTZ Datenverarbeitung im Absatz \u201eKontakte\u201c Gem\u00e4\u00df den Bestimmungen zum Schutz personenbezogener Daten erlauben Sie hiermit, dass die durch Cookies erhaltenen personenbezogenen Daten in eine Datei mit dem Namen KONTAKTE aufgenommen werden. Diese Datei unterliegt der Verantwortung von von\u00a0TwoFineWheels, Inhaber und Gesch\u00e4ftsf\u00fchrer Fabian Runge, mit Firmensitz in Avda Benvinguts, 2-3, 07660 Cala d\u2019Or, Mallorca und Steuer [&hellip;]\" \/>\n<meta property=\"og:url\" content=\"https:\/\/mallorca.twofinewheels.com\/es\/privacy-policy-and-legal-stuff\/\" \/>\n<meta property=\"og:site_name\" content=\"Bike Center Mallorca\" \/>\n<meta property=\"article:modified_time\" content=\"2024-12-29T15:58:34+00:00\" \/>\n<meta name=\"twitter:card\" content=\"summary_large_image\" \/>\n<meta name=\"twitter:label1\" content=\"Tiempo de lectura\" \/>\n\t<meta name=\"twitter:data1\" content=\"2 minutos\" \/>\n<script type=\"application\/ld+json\" class=\"yoast-schema-graph\">{\"@context\":\"https:\\\/\\\/schema.org\",\"@graph\":[{\"@type\":\"WebPage\",\"@id\":\"https:\\\/\\\/mallorca.twofinewheels.com\\\/privacy-policy-and-legal-stuff\\\/\",\"url\":\"https:\\\/\\\/mallorca.twofinewheels.com\\\/privacy-policy-and-legal-stuff\\\/\",\"name\":\"Privacy Policy and Legal Stuff - Bike Center Mallorca\",\"isPartOf\":{\"@id\":\"https:\\\/\\\/mallorca.twofinewheels.com\\\/en\\\/#website\"},\"datePublished\":\"2024-12-16T20:26:07+00:00\",\"dateModified\":\"2024-12-29T15:58:34+00:00\",\"breadcrumb\":{\"@id\":\"https:\\\/\\\/mallorca.twofinewheels.com\\\/privacy-policy-and-legal-stuff\\\/#breadcrumb\"},\"inLanguage\":\"es\",\"potentialAction\":[{\"@type\":\"ReadAction\",\"target\":[\"https:\\\/\\\/mallorca.twofinewheels.com\\\/privacy-policy-and-legal-stuff\\\/\"]}]},{\"@type\":\"BreadcrumbList\",\"@id\":\"https:\\\/\\\/mallorca.twofinewheels.com\\\/privacy-policy-and-legal-stuff\\\/#breadcrumb\",\"itemListElement\":[{\"@type\":\"ListItem\",\"position\":1,\"name\":\"Startseite\",\"item\":\"https:\\\/\\\/mallorca.twofinewheels.com\\\/\"},{\"@type\":\"ListItem\",\"position\":2,\"name\":\"Privacy Policy and Legal Stuff\"}]},{\"@type\":\"WebSite\",\"@id\":\"https:\\\/\\\/mallorca.twofinewheels.com\\\/en\\\/#website\",\"url\":\"https:\\\/\\\/mallorca.twofinewheels.com\\\/en\\\/\",\"name\":\"Bike Center Mallorca\",\"description\":\"Bikecenter on Mallorca since 1999\",\"publisher\":{\"@id\":\"https:\\\/\\\/mallorca.twofinewheels.com\\\/en\\\/#organization\"},\"potentialAction\":[{\"@type\":\"SearchAction\",\"target\":{\"@type\":\"EntryPoint\",\"urlTemplate\":\"https:\\\/\\\/mallorca.twofinewheels.com\\\/en\\\/?s={search_term_string}\"},\"query-input\":{\"@type\":\"PropertyValueSpecification\",\"valueRequired\":true,\"valueName\":\"search_term_string\"}}],\"inLanguage\":\"es\"},{\"@type\":\"Organization\",\"@id\":\"https:\\\/\\\/mallorca.twofinewheels.com\\\/en\\\/#organization\",\"name\":\"Two Fine Wheels Mallorca\",\"url\":\"https:\\\/\\\/mallorca.twofinewheels.com\\\/en\\\/\",\"logo\":{\"@type\":\"ImageObject\",\"inLanguage\":\"es\",\"@id\":\"https:\\\/\\\/mallorca.twofinewheels.com\\\/en\\\/#\\\/schema\\\/logo\\\/image\\\/\",\"url\":\"https:\\\/\\\/mallorca.twofinewheels.com\\\/wp-content\\\/uploads\\\/2024\\\/12\\\/logotwofinewheels_small.jpg\",\"contentUrl\":\"https:\\\/\\\/mallorca.twofinewheels.com\\\/wp-content\\\/uploads\\\/2024\\\/12\\\/logotwofinewheels_small.jpg\",\"width\":150,\"height\":147,\"caption\":\"Two Fine Wheels Mallorca\"},\"image\":{\"@id\":\"https:\\\/\\\/mallorca.twofinewheels.com\\\/en\\\/#\\\/schema\\\/logo\\\/image\\\/\"},\"sameAs\":[\"https:\\\/\\\/www.instagram.com\\\/twofinewheels_berlin\\\/\",\"https:\\\/\\\/www.instagram.com\\\/twofinewheels_mallorca\\\/\"]}]}<\/script>\n<!-- \/ Yoast SEO plugin. -->","yoast_head_json":{"title":"Privacy Policy and Legal Stuff - Bike Center Mallorca","robots":{"index":"index","follow":"follow","max-snippet":"max-snippet:-1","max-image-preview":"max-image-preview:large","max-video-preview":"max-video-preview:-1"},"canonical":"https:\/\/mallorca.twofinewheels.com\/es\/privacy-policy-and-legal-stuff\/","og_locale":"es_ES","og_type":"article","og_title":"Privacy Policy and Legal Stuff - Bike Center Mallorca","og_description":"DATENSCHUTZ Datenverarbeitung im Absatz \u201eKontakte\u201c Gem\u00e4\u00df den Bestimmungen zum Schutz personenbezogener Daten erlauben Sie hiermit, dass die durch Cookies erhaltenen personenbezogenen Daten in eine Datei mit dem Namen KONTAKTE aufgenommen werden. Diese Datei unterliegt der Verantwortung von von\u00a0TwoFineWheels, Inhaber und Gesch\u00e4ftsf\u00fchrer Fabian Runge, mit Firmensitz in Avda Benvinguts, 2-3, 07660 Cala d\u2019Or, Mallorca und Steuer [&hellip;]","og_url":"https:\/\/mallorca.twofinewheels.com\/es\/privacy-policy-and-legal-stuff\/","og_site_name":"Bike Center Mallorca","article_modified_time":"2024-12-29T15:58:34+00:00","twitter_card":"summary_large_image","twitter_misc":{"Tiempo de lectura":"2 minutos"},"schema":{"@context":"https:\/\/schema.org","@graph":[{"@type":"WebPage","@id":"https:\/\/mallorca.twofinewheels.com\/privacy-policy-and-legal-stuff\/","url":"https:\/\/mallorca.twofinewheels.com\/privacy-policy-and-legal-stuff\/","name":"Privacy Policy and Legal Stuff - Bike Center Mallorca","isPartOf":{"@id":"https:\/\/mallorca.twofinewheels.com\/en\/#website"},"datePublished":"2024-12-16T20:26:07+00:00","dateModified":"2024-12-29T15:58:34+00:00","breadcrumb":{"@id":"https:\/\/mallorca.twofinewheels.com\/privacy-policy-and-legal-stuff\/#breadcrumb"},"inLanguage":"es","potentialAction":[{"@type":"ReadAction","target":["https:\/\/mallorca.twofinewheels.com\/privacy-policy-and-legal-stuff\/"]}]},{"@type":"BreadcrumbList","@id":"https:\/\/mallorca.twofinewheels.com\/privacy-policy-and-legal-stuff\/#breadcrumb","itemListElement":[{"@type":"ListItem","position":1,"name":"Startseite","item":"https:\/\/mallorca.twofinewheels.com\/"},{"@type":"ListItem","position":2,"name":"Privacy Policy and Legal Stuff"}]},{"@type":"WebSite","@id":"https:\/\/mallorca.twofinewheels.com\/en\/#website","url":"https:\/\/mallorca.twofinewheels.com\/en\/","name":"Bike Centre Mallorca","description":"Bicicentro en Mallorca desde 1999","publisher":{"@id":"https:\/\/mallorca.twofinewheels.com\/en\/#organization"},"potentialAction":[{"@type":"SearchAction","target":{"@type":"EntryPoint","urlTemplate":"https:\/\/mallorca.twofinewheels.com\/en\/?s={search_term_string}"},"query-input":{"@type":"PropertyValueSpecification","valueRequired":true,"valueName":"search_term_string"}}],"inLanguage":"es"},{"@type":"Organization","@id":"https:\/\/mallorca.twofinewheels.com\/en\/#organization","name":"Two Fine Wheels Mallorca","url":"https:\/\/mallorca.twofinewheels.com\/en\/","logo":{"@type":"ImageObject","inLanguage":"es","@id":"https:\/\/mallorca.twofinewheels.com\/en\/#\/schema\/logo\/image\/","url":"https:\/\/mallorca.twofinewheels.com\/wp-content\/uploads\/2024\/12\/logotwofinewheels_small.jpg","contentUrl":"https:\/\/mallorca.twofinewheels.com\/wp-content\/uploads\/2024\/12\/logotwofinewheels_small.jpg","width":150,"height":147,"caption":"Two Fine Wheels Mallorca"},"image":{"@id":"https:\/\/mallorca.twofinewheels.com\/en\/#\/schema\/logo\/image\/"},"sameAs":["https:\/\/www.instagram.com\/twofinewheels_berlin\/","https:\/\/www.instagram.com\/twofinewheels_mallorca\/"]}]}},"_links":{"self":[{"href":"https:\/\/mallorca.twofinewheels.com\/es\/wp-json\/wp\/v2\/pages\/319","targetHints":{"allow":["GET"]}}],"collection":[{"href":"https:\/\/mallorca.twofinewheels.com\/es\/wp-json\/wp\/v2\/pages"}],"about":[{"href":"https:\/\/mallorca.twofinewheels.com\/es\/wp-json\/wp\/v2\/types\/page"}],"author":[{"embeddable":true,"href":"https:\/\/mallorca.twofinewheels.com\/es\/wp-json\/wp\/v2\/users\/1"}],"replies":[{"embeddable":true,"href":"https:\/\/mallorca.twofinewheels.com\/es\/wp-json\/wp\/v2\/comments?post=319"}],"version-history":[{"count":8,"href":"https:\/\/mallorca.twofinewheels.com\/es\/wp-json\/wp\/v2\/pages\/319\/revisions"}],"predecessor-version":[{"id":391,"href":"https:\/\/mallorca.twofinewheels.com\/es\/wp-json\/wp\/v2\/pages\/319\/revisions\/391"}],"wp:attachment":[{"href":"https:\/\/mallorca.twofinewheels.com\/es\/wp-json\/wp\/v2\/media?parent=319"}],"curies":[{"name":"wp","href":"https:\/\/api.w.org\/{rel}","templated":true}]}}